{"id":47,"date":"2015-02-08T10:41:26","date_gmt":"2015-02-08T10:41:26","guid":{"rendered":"http:\/\/wpcharming.wpengine.com\/construction\/?page_id=47"},"modified":"2023-06-16T01:42:36","modified_gmt":"2023-06-16T01:42:36","slug":"interior-drywall-design","status":"publish","type":"page","link":"https:\/\/zaprorenovation.ca\/fr\/our-services\/interior-drywall-design\/","title":{"rendered":"Design int\u00e9rieur en cloison s\u00e8che"},"content":{"rendered":"<div data-elementor-type=\"wp-page\" data-elementor-id=\"47\" class=\"elementor elementor-47\">\n\t\t\t\t\t\t<section class=\"elementor-section elementor-top-section elementor-element elementor-element-1093d3a0 elementor-section-boxed elementor-section-height-default elementor-section-height-default\" data-id=\"1093d3a0\" data-element_type=\"section\">\n\t\t\t\t\t\t<div class=\"elementor-container elementor-column-gap-no\">\n\t\t\t\t\t<div class=\"elementor-column elementor-col-100 elementor-top-column elementor-element elementor-element-5615f2ed\" data-id=\"5615f2ed\" data-element_type=\"column\">\n\t\t\t<div class=\"elementor-widget-wrap elementor-element-populated\">\n\t\t\t\t\t\t<div class=\"elementor-element elementor-element-67c81dec elementor-widget elementor-widget-image\" data-id=\"67c81dec\" data-element_type=\"widget\" data-widget_type=\"image.default\">\n\t\t\t\t<div class=\"elementor-widget-container\">\n\t\t\t\t\t\t\t\t\t\t\t\t\t\t\t<img fetchpriority=\"high\" decoding=\"async\" width=\"800\" height=\"600\" src=\"https:\/\/zaprorenovation.ca\/wp-content\/uploads\/2023\/02\/WhatsApp-Image-2022-12-20-at-1.06.55-PM-1024x768.jpeg\" class=\"attachment-large size-large wp-image-1635\" alt=\"\" srcset=\"https:\/\/zaprorenovation.ca\/wp-content\/uploads\/2023\/02\/WhatsApp-Image-2022-12-20-at-1.06.55-PM-1024x768.jpeg 1024w, https:\/\/zaprorenovation.ca\/wp-content\/uploads\/2023\/02\/WhatsApp-Image-2022-12-20-at-1.06.55-PM-300x225.jpeg 300w, https:\/\/zaprorenovation.ca\/wp-content\/uploads\/2023\/02\/WhatsApp-Image-2022-12-20-at-1.06.55-PM-768x576.jpeg 768w, https:\/\/zaprorenovation.ca\/wp-content\/uploads\/2023\/02\/WhatsApp-Image-2022-12-20-at-1.06.55-PM-1536x1152.jpeg 1536w, https:\/\/zaprorenovation.ca\/wp-content\/uploads\/2023\/02\/WhatsApp-Image-2022-12-20-at-1.06.55-PM.jpeg 1600w\" sizes=\"(max-width: 800px) 100vw, 800px\" \/>\t\t\t\t\t\t\t\t\t\t\t\t\t\t\t<\/div>\n\t\t\t\t<\/div>\n\t\t\t\t<div class=\"elementor-element elementor-element-795c6606 elementor-widget elementor-widget-image-gallery\" data-id=\"795c6606\" data-element_type=\"widget\" data-widget_type=\"image-gallery.default\">\n\t\t\t\t<div class=\"elementor-widget-container\">\n\t\t\t\t\t\t\t<div class=\"elementor-image-gallery\">\n\t\t\t\t\t<\/div>\n\t\t\t\t\t\t<\/div>\n\t\t\t\t<\/div>\n\t\t\t\t\t<\/div>\n\t\t<\/div>\n\t\t\t\t\t<\/div>\n\t\t<\/section>\n\t\t\t\t<section class=\"elementor-section elementor-top-section elementor-element elementor-element-5da9a4db elementor-section-boxed elementor-section-height-default elementor-section-height-default\" data-id=\"5da9a4db\" data-element_type=\"section\">\n\t\t\t\t\t\t<div class=\"elementor-container elementor-column-gap-no\">\n\t\t\t\t\t<div class=\"elementor-column elementor-col-50 elementor-top-column elementor-element elementor-element-3d5a9cc3\" data-id=\"3d5a9cc3\" data-element_type=\"column\">\n\t\t\t<div class=\"elementor-widget-wrap elementor-element-populated\">\n\t\t\t\t\t\t<div class=\"elementor-element elementor-element-5a3a6dbe elementor-widget elementor-widget-text-editor\" data-id=\"5a3a6dbe\" data-element_type=\"widget\" data-widget_type=\"text-editor.default\">\n\t\t\t\t<div class=\"elementor-widget-container\">\n\t\t\t\t\t\t\t\t\t<blockquote>\n<h4>Transformez l'apparence et l'ambiance de votre maison avec un design int\u00e9rieur sur mesure en cloison s\u00e8che par ZA Pro Renovation. Notre \u00e9quipe qualifi\u00e9e de designers et d'artisans est sp\u00e9cialis\u00e9e dans la cr\u00e9ation d'espaces int\u00e9rieurs uniques, fonctionnels et magnifiques qui refl\u00e8tent votre style personnel et vos go\u00fbts. Que vous cherchiez des portes vo\u00fbt\u00e9es \u00e9l\u00e9gantes, des plafonds complexes ou des textures murales personnalis\u00e9es, nous avons l'expertise pour concr\u00e9tiser votre vision. Nous n'utilisons que des mat\u00e9riaux de la plus haute qualit\u00e9 et des techniques de pointe pour garantir votre enti\u00e8re satisfaction. Contactez-nous d\u00e8s aujourd'hui pour une consultation gratuite et commencez \u00e0 profiter de la beaut\u00e9 et des avantages du design int\u00e9rieur sur mesure en cloison s\u00e8che dans votre maison.<\/h4>\n<\/blockquote>\t\t\t\t\t\t\t\t<\/div>\n\t\t\t\t<\/div>\n\t\t\t\t\t<\/div>\n\t\t<\/div>\n\t\t\t\t<div class=\"elementor-column elementor-col-50 elementor-top-column elementor-element elementor-element-454b961a\" data-id=\"454b961a\" data-element_type=\"column\">\n\t\t\t<div class=\"elementor-widget-wrap elementor-element-populated\">\n\t\t\t\t\t\t<div class=\"elementor-element elementor-element-7909875c elementor-widget elementor-widget-text-editor\" data-id=\"7909875c\" data-element_type=\"widget\" data-widget_type=\"text-editor.default\">\n\t\t\t\t<div class=\"elementor-widget-container\">\n\t\t\t\t\t\t\t\t\t<h4>Les avantages du design int\u00e9rieur en cloison s\u00e8che:<\/h4><ol><li><p>Personnalisation : Le design int\u00e9rieur de cloison s\u00e8che peut \u00eatre con\u00e7u et install\u00e9 selon vos besoins et pr\u00e9f\u00e9rences sp\u00e9cifiques, vous permettant de cr\u00e9er un espace int\u00e9rieur unique et magnifique.<\/p><\/li><li><p>Durabilit\u00e9 : Le design int\u00e9rieur de cloison s\u00e8che est un mat\u00e9riau durable et longue dur\u00e9e qui peut supporter l'usure quotidienne, en faisant un excellent choix pour les zones \u00e0 fort passage.<\/p><\/li><li><p>Insonorisation : La cloison s\u00e8che peut contribuer \u00e0 r\u00e9duire la transmission du bruit entre les pi\u00e8ces, en en faisant une excellente option pour les maisons \u00e0 plusieurs niveaux ou \u00e0 plan ouvert.<\/p><\/li><li><p>R\u00e9sistance au feu : La cloison s\u00e8che est ignifuge, contribuant \u00e0 prot\u00e9ger votre maison et votre famille en cas d'incendie.<\/p><\/li><li><p>Camouflage : La cloison s\u00e8che peut \u00eatre utilis\u00e9e pour dissimuler les tuyaux, les fils et autres utilit\u00e9s, cr\u00e9ant ainsi un espace int\u00e9rieur propre et organis\u00e9.<\/p><\/li><li><p>Polyvalence : Le design int\u00e9rieur de cloison s\u00e8che peut \u00eatre peint, tapiss\u00e9 ou textur\u00e9 pour correspondre \u00e0 votre d\u00e9cor, en en faisant une option polyvalente pour n'importe quelle pi\u00e8ce de votre maison.<\/p><\/li><li><p>Accessibilit\u00e9 : La cloison s\u00e8che est un mat\u00e9riau abordable, en faisant une option \u00e9conomique pour cr\u00e9er des espaces int\u00e9rieurs beaux et fonctionnels.<\/p><\/li><\/ol><p>En r\u00e9sum\u00e9, la conception int\u00e9rieure en cloison s\u00e8che offre une solution durable, polyvalente et \u00e9conomique pour transformer l'apparence et l'ambiance de votre maison.<\/p>\t\t\t\t\t\t\t\t<\/div>\n\t\t\t\t<\/div>\n\t\t\t\t\t<\/div>\n\t\t<\/div>\n\t\t\t\t\t<\/div>\n\t\t<\/section>\n\t\t\t\t<\/div>","protected":false},"excerpt":{"rendered":"<p>Transformez l'apparence et l'atmosph\u00e8re de votre maison avec un design int\u00e9rieur en cloison s\u00e8che personnalis\u00e9 de ZA Pro Renovation. Notre \u00e9quipe qualifi\u00e9e de designers et d'artisans se sp\u00e9cialise dans la cr\u00e9ation d'espaces int\u00e9rieurs uniques, fonctionnels et beaux.<\/p>","protected":false},"author":1,"featured_media":1643,"parent":17,"menu_order":3,"comment_status":"closed","ping_status":"open","template":"","meta":{"footnotes":""},"class_list":["post-47","page","type-page","status-publish","has-post-thumbnail","hentry"],"aioseo_notices":[],"_links":{"self":[{"href":"https:\/\/zaprorenovation.ca\/fr\/wp-json\/wp\/v2\/pages\/47","targetHints":{"allow":["GET"]}}],"collection":[{"href":"https:\/\/zaprorenovation.ca\/fr\/wp-json\/wp\/v2\/pages"}],"about":[{"href":"https:\/\/zaprorenovation.ca\/fr\/wp-json\/wp\/v2\/types\/page"}],"author":[{"embeddable":true,"href":"https:\/\/zaprorenovation.ca\/fr\/wp-json\/wp\/v2\/users\/1"}],"replies":[{"embeddable":true,"href":"https:\/\/zaprorenovation.ca\/fr\/wp-json\/wp\/v2\/comments?post=47"}],"version-history":[{"count":0,"href":"https:\/\/zaprorenovation.ca\/fr\/wp-json\/wp\/v2\/pages\/47\/revisions"}],"up":[{"embeddable":true,"href":"https:\/\/zaprorenovation.ca\/fr\/wp-json\/wp\/v2\/pages\/17"}],"wp:featuredmedia":[{"embeddable":true,"href":"https:\/\/zaprorenovation.ca\/fr\/wp-json\/wp\/v2\/media\/1643"}],"wp:attachment":[{"href":"https:\/\/zaprorenovation.ca\/fr\/wp-json\/wp\/v2\/media?parent=47"}],"curies":[{"name":"wp","href":"https:\/\/api.w.org\/{rel}","templated":true}]}}