{"id":37,"date":"2015-02-05T10:36:18","date_gmt":"2015-02-05T10:36:18","guid":{"rendered":"http:\/\/wpcharming.wpengine.com\/construction\/?page_id=37"},"modified":"2023-06-16T01:42:36","modified_gmt":"2023-06-16T01:42:36","slug":"house-renovation","status":"publish","type":"page","link":"https:\/\/zaprorenovation.ca\/fr\/our-services\/house-renovation\/","title":{"rendered":"R\u00e9novation de maison"},"content":{"rendered":"<div data-elementor-type=\"wp-page\" data-elementor-id=\"37\" class=\"elementor elementor-37\">\n\t\t\t\t\t\t<section class=\"elementor-section elementor-top-section elementor-element elementor-element-1bc7a09c elementor-section-boxed elementor-section-height-default elementor-section-height-default\" data-id=\"1bc7a09c\" data-element_type=\"section\">\n\t\t\t\t\t\t<div class=\"elementor-container elementor-column-gap-no\">\n\t\t\t\t\t<div class=\"elementor-column elementor-col-100 elementor-top-column elementor-element elementor-element-591b8d74\" data-id=\"591b8d74\" data-element_type=\"column\">\n\t\t\t<div class=\"elementor-widget-wrap elementor-element-populated\">\n\t\t\t\t\t\t<div class=\"elementor-element elementor-element-7c269950 elementor-widget elementor-widget-image\" data-id=\"7c269950\" data-element_type=\"widget\" data-widget_type=\"image.default\">\n\t\t\t\t<div class=\"elementor-widget-container\">\n\t\t\t\t\t\t\t\t\t\t\t\t\t\t\t<img fetchpriority=\"high\" decoding=\"async\" width=\"800\" height=\"584\" src=\"https:\/\/zaprorenovation.ca\/wp-content\/uploads\/2023\/02\/20230226072914_fpdl.ir_electrician-installer-with-tool-his-hands-working-with-cable-construction-site_169016-5282-1024x748.jpg\" class=\"attachment-large size-large wp-image-2010\" alt=\"\" srcset=\"https:\/\/zaprorenovation.ca\/wp-content\/uploads\/2023\/02\/20230226072914_fpdl.ir_electrician-installer-with-tool-his-hands-working-with-cable-construction-site_169016-5282-1024x748.jpg 1024w, https:\/\/zaprorenovation.ca\/wp-content\/uploads\/2023\/02\/20230226072914_fpdl.ir_electrician-installer-with-tool-his-hands-working-with-cable-construction-site_169016-5282-300x219.jpg 300w, https:\/\/zaprorenovation.ca\/wp-content\/uploads\/2023\/02\/20230226072914_fpdl.ir_electrician-installer-with-tool-his-hands-working-with-cable-construction-site_169016-5282-768x561.jpg 768w, https:\/\/zaprorenovation.ca\/wp-content\/uploads\/2023\/02\/20230226072914_fpdl.ir_electrician-installer-with-tool-his-hands-working-with-cable-construction-site_169016-5282-1536x1122.jpg 1536w, https:\/\/zaprorenovation.ca\/wp-content\/uploads\/2023\/02\/20230226072914_fpdl.ir_electrician-installer-with-tool-his-hands-working-with-cable-construction-site_169016-5282.jpg 2000w\" sizes=\"(max-width: 800px) 100vw, 800px\" \/>\t\t\t\t\t\t\t\t\t\t\t\t\t\t\t<\/div>\n\t\t\t\t<\/div>\n\t\t\t\t<div class=\"elementor-element elementor-element-799550f3 elementor-widget elementor-widget-image-gallery\" data-id=\"799550f3\" data-element_type=\"widget\" data-widget_type=\"image-gallery.default\">\n\t\t\t\t<div class=\"elementor-widget-container\">\n\t\t\t\t\t\t\t<div class=\"elementor-image-gallery\">\n\t\t\t\t\t<\/div>\n\t\t\t\t\t\t<\/div>\n\t\t\t\t<\/div>\n\t\t\t\t\t<\/div>\n\t\t<\/div>\n\t\t\t\t\t<\/div>\n\t\t<\/section>\n\t\t\t\t<section class=\"elementor-section elementor-top-section elementor-element elementor-element-1b1fa69f elementor-section-boxed elementor-section-height-default elementor-section-height-default\" data-id=\"1b1fa69f\" data-element_type=\"section\">\n\t\t\t\t\t\t<div class=\"elementor-container elementor-column-gap-no\">\n\t\t\t\t\t<div class=\"elementor-column elementor-col-50 elementor-top-column elementor-element elementor-element-47352621\" data-id=\"47352621\" data-element_type=\"column\">\n\t\t\t<div class=\"elementor-widget-wrap elementor-element-populated\">\n\t\t\t\t\t\t<div class=\"elementor-element elementor-element-640028f6 elementor-widget elementor-widget-text-editor\" data-id=\"640028f6\" data-element_type=\"widget\" data-widget_type=\"text-editor.default\">\n\t\t\t\t<div class=\"elementor-widget-container\">\n\t\t\t\t\t\t\t\t\t<blockquote><h4>R\u00e9am\u00e9nager votre maison n'a jamais \u00e9t\u00e9 aussi facile avec ZA Pro Renovation. Notre \u00e9quipe d'experts vous guidera \u00e0 chaque \u00e9tape du processus de r\u00e9novation, de la conceptualisation \u00e0 la r\u00e9alisation. Que vous souhaitiez mettre \u00e0 jour une seule pi\u00e8ce ou transformer l'ensemble de votre maison, nous avons l'expertise pour concr\u00e9tiser votre vision. Avec un accent sur l'artisanat de qualit\u00e9, les mat\u00e9riaux durables et le design de pointe, nous nous engageons \u00e0 cr\u00e9er une maison qui r\u00e9pond \u00e0 vos besoins et \u00e0 votre style uniques. Ne vous contentez pas d'une r\u00e9novation banale \u2013 laissez-nous vous aider \u00e0 donner vie \u00e0 votre maison de r\u00eave.<\/h4><\/blockquote>\t\t\t\t\t\t\t\t<\/div>\n\t\t\t\t<\/div>\n\t\t\t\t\t<\/div>\n\t\t<\/div>\n\t\t\t\t<div class=\"elementor-column elementor-col-50 elementor-top-column elementor-element elementor-element-75964eeb\" data-id=\"75964eeb\" data-element_type=\"column\">\n\t\t\t<div class=\"elementor-widget-wrap elementor-element-populated\">\n\t\t\t\t\t\t<div class=\"elementor-element elementor-element-f542658 elementor-widget elementor-widget-wpc-page-children\" data-id=\"f542658\" data-element_type=\"widget\" data-widget_type=\"wpc-page-children.default\">\n\t\t\t\t<div class=\"elementor-widget-container\">\n\t\t\t\t\t\n\t\t\t<div class=\"child-page-wrapper\">\n\t\t<div class=\"grid-wrapper grid-2-columns grid-row\">\n\t\t\t<div class=\"grid-item grid-sm-6\">\n\t\t\t\t<div class=\"grid-thumbnail\">\n\t\t\t\t\t<a href=\"https:\/\/zaprorenovation.ca\/fr\/our-services\/house-renovation\/\" title=\"R\u00e9novation de maison\"><img decoding=\"async\" width=\"600\" height=\"300\" src=\"https:\/\/zaprorenovation.ca\/wp-content\/uploads\/2023\/02\/20230226072914_fpdl.ir_electrician-installer-with-tool-his-hands-working-with-cable-construction-site_169016-5282-600x300.jpg\" class=\"attachment-medium-thumb size-medium-thumb wp-post-image\" alt=\"\" srcset=\"https:\/\/zaprorenovation.ca\/wp-content\/uploads\/2023\/02\/20230226072914_fpdl.ir_electrician-installer-with-tool-his-hands-working-with-cable-construction-site_169016-5282-600x300.jpg 600w, https:\/\/zaprorenovation.ca\/wp-content\/uploads\/2023\/02\/20230226072914_fpdl.ir_electrician-installer-with-tool-his-hands-working-with-cable-construction-site_169016-5282-400x200.jpg 400w, https:\/\/zaprorenovation.ca\/wp-content\/uploads\/2023\/02\/20230226072914_fpdl.ir_electrician-installer-with-tool-his-hands-working-with-cable-construction-site_169016-5282-800x400.jpg 800w\" sizes=\"(max-width: 600px) 100vw, 600px\" \/><\/a>\n\t\t\t\t<\/div>\n\t\t\t\t<h3 class=\"grid-title\"><a href=\"https:\/\/zaprorenovation.ca\/fr\/our-services\/house-renovation\/\" rel=\"bookmark\">R\u00e9novation de maison<\/a><\/h3>\n\n\t\t\t\t<p>R\u00e9nover votre maison n'a jamais \u00e9t\u00e9 aussi facile avec ZA Pro Renovation. Notre \u00e9quipe d'experts vous guidera \u00e0 travers chaque \u00e9tape du processus de r\u00e9novation, de la conceptualisation \u00e0 l'ach\u00e8vement.<\/p>\n\n\t\t\t\t<a class=\"grid-more\" href=\"https:\/\/zaprorenovation.ca\/fr\/our-services\/house-renovation\/\" title=\"R\u00e9novation de maison\">Read More<\/a>\n\n\t\t\t<\/div>\n\t\t\t\n\t\t\t<div class=\"grid-item grid-sm-6\">\n\t\t\t\t<div class=\"grid-thumbnail\">\n\t\t\t\t\t<a href=\"https:\/\/zaprorenovation.ca\/fr\/our-services\/hardwood-flooring\/\" title=\"Plancher en bois franc\"><img decoding=\"async\" width=\"600\" height=\"300\" src=\"https:\/\/zaprorenovation.ca\/wp-content\/uploads\/2015\/02\/laminate-floor-covering-600x300.jpg\" class=\"attachment-medium-thumb size-medium-thumb wp-post-image\" alt=\"\" srcset=\"https:\/\/zaprorenovation.ca\/wp-content\/uploads\/2015\/02\/laminate-floor-covering-600x300.jpg 600w, https:\/\/zaprorenovation.ca\/wp-content\/uploads\/2015\/02\/laminate-floor-covering-400x200.jpg 400w, https:\/\/zaprorenovation.ca\/wp-content\/uploads\/2015\/02\/laminate-floor-covering-800x400.jpg 800w\" sizes=\"(max-width: 600px) 100vw, 600px\" \/><\/a>\n\t\t\t\t<\/div>\n\t\t\t\t<h3 class=\"grid-title\"><a href=\"https:\/\/zaprorenovation.ca\/fr\/our-services\/hardwood-flooring\/\" rel=\"bookmark\">Plancher en bois franc<\/a><\/h3>\n\n\t\t\t\t<p>Transformez votre maison avec des planchers en bois franc magnifiques et durables. Nous offrons des services d'installation professionnels et une large s\u00e9lection d'options de bois franc massif et d'ing\u00e9nierie dans une vari\u00e9t\u00e9 de couleurs.<\/p>\n\n\t\t\t\t<a class=\"grid-more\" href=\"https:\/\/zaprorenovation.ca\/fr\/our-services\/hardwood-flooring\/\" title=\"Plancher en bois franc\">Read More<\/a>\n\n\t\t\t<\/div>\n\t\t\t\n\t\t\t\t<div class=\"clear\"><\/div>\n\t\t\t<div class=\"grid-item grid-sm-6\">\n\t\t\t\t<div class=\"grid-thumbnail\">\n\t\t\t\t\t<a href=\"https:\/\/zaprorenovation.ca\/fr\/our-services\/interlock\/\" title=\"Interlock\"><img loading=\"lazy\" decoding=\"async\" width=\"600\" height=\"300\" src=\"https:\/\/zaprorenovation.ca\/wp-content\/uploads\/2023\/02\/WhatsApp-Image-2022-12-20-at-1.18.15-PM-2-600x300.jpeg\" class=\"attachment-medium-thumb size-medium-thumb wp-post-image\" alt=\"\" srcset=\"https:\/\/zaprorenovation.ca\/wp-content\/uploads\/2023\/02\/WhatsApp-Image-2022-12-20-at-1.18.15-PM-2-600x300.jpeg 600w, https:\/\/zaprorenovation.ca\/wp-content\/uploads\/2023\/02\/WhatsApp-Image-2022-12-20-at-1.18.15-PM-2-400x200.jpeg 400w, https:\/\/zaprorenovation.ca\/wp-content\/uploads\/2023\/02\/WhatsApp-Image-2022-12-20-at-1.18.15-PM-2-800x400.jpeg 800w\" sizes=\"(max-width: 600px) 100vw, 600px\" \/><\/a>\n\t\t\t\t<\/div>\n\t\t\t\t<h3 class=\"grid-title\"><a href=\"https:\/\/zaprorenovation.ca\/fr\/our-services\/interlock\/\" rel=\"bookmark\">Interlock<\/a><\/h3>\n\n\t\t\t\t<p>Cr\u00e9er un espace de vie ext\u00e9rieur \u00e9poustouflant avec des pav\u00e9s interlock beaux et fonctionnels de ZA Pro Renovation. Notre \u00e9quipe d'experts offre des services d'installation de haute qualit\u00e9 pour les patios, all\u00e9es, sentiers, et plus encore.<\/p>\n\n\t\t\t\t<a class=\"grid-more\" href=\"https:\/\/zaprorenovation.ca\/fr\/our-services\/interlock\/\" title=\"Interlock\">Read More<\/a>\n\n\t\t\t<\/div>\n\t\t\t\n\t\t\t<div class=\"grid-item grid-sm-6\">\n\t\t\t\t<div class=\"grid-thumbnail\">\n\t\t\t\t\t<a href=\"https:\/\/zaprorenovation.ca\/fr\/our-services\/interior-drywall-design\/\" title=\"Design int\u00e9rieur en cloison s\u00e8che\"><img loading=\"lazy\" decoding=\"async\" width=\"600\" height=\"300\" src=\"https:\/\/zaprorenovation.ca\/wp-content\/uploads\/2023\/02\/WhatsApp-Image-2022-12-20-at-1.06.54-PM-3-600x300.jpeg\" class=\"attachment-medium-thumb size-medium-thumb wp-post-image\" alt=\"\" srcset=\"https:\/\/zaprorenovation.ca\/wp-content\/uploads\/2023\/02\/WhatsApp-Image-2022-12-20-at-1.06.54-PM-3-600x300.jpeg 600w, https:\/\/zaprorenovation.ca\/wp-content\/uploads\/2023\/02\/WhatsApp-Image-2022-12-20-at-1.06.54-PM-3-400x200.jpeg 400w, https:\/\/zaprorenovation.ca\/wp-content\/uploads\/2023\/02\/WhatsApp-Image-2022-12-20-at-1.06.54-PM-3-800x400.jpeg 800w\" sizes=\"(max-width: 600px) 100vw, 600px\" \/><\/a>\n\t\t\t\t<\/div>\n\t\t\t\t<h3 class=\"grid-title\"><a href=\"https:\/\/zaprorenovation.ca\/fr\/our-services\/interior-drywall-design\/\" rel=\"bookmark\">Design int\u00e9rieur en cloison s\u00e8che<\/a><\/h3>\n\n\t\t\t\t<p>Transformez l'apparence et l'atmosph\u00e8re de votre maison avec un design int\u00e9rieur en cloison s\u00e8che personnalis\u00e9 de ZA Pro Renovation. Notre \u00e9quipe qualifi\u00e9e de designers et d'artisans se sp\u00e9cialise dans la cr\u00e9ation d'espaces int\u00e9rieurs uniques, fonctionnels et beaux.<\/p>\n\n\t\t\t\t<a class=\"grid-more\" href=\"https:\/\/zaprorenovation.ca\/fr\/our-services\/interior-drywall-design\/\" title=\"Design int\u00e9rieur en cloison s\u00e8che\">Read More<\/a>\n\n\t\t\t<\/div>\n\t\t\t\n\t\t\t\t<div class=\"clear\"><\/div>\n\t\t<\/div>\n\t\t\t<\/div>\t\t\t\t<\/div>\n\t\t\t\t<\/div>\n\t\t\t\t\t<\/div>\n\t\t<\/div>\n\t\t\t\t\t<\/div>\n\t\t<\/section>\n\t\t\t\t<\/div>","protected":false},"excerpt":{"rendered":"<p>R\u00e9nover votre maison n'a jamais \u00e9t\u00e9 aussi facile avec ZA Pro Renovation. Notre \u00e9quipe d'experts vous guidera \u00e0 travers chaque \u00e9tape du processus de r\u00e9novation, de la conceptualisation \u00e0 l'ach\u00e8vement.<\/p>","protected":false},"author":1,"featured_media":2010,"parent":17,"menu_order":0,"comment_status":"open","ping_status":"open","template":"","meta":{"footnotes":""},"class_list":["post-37","page","type-page","status-publish","has-post-thumbnail","hentry"],"aioseo_notices":[],"_links":{"self":[{"href":"https:\/\/zaprorenovation.ca\/fr\/wp-json\/wp\/v2\/pages\/37","targetHints":{"allow":["GET"]}}],"collection":[{"href":"https:\/\/zaprorenovation.ca\/fr\/wp-json\/wp\/v2\/pages"}],"about":[{"href":"https:\/\/zaprorenovation.ca\/fr\/wp-json\/wp\/v2\/types\/page"}],"author":[{"embeddable":true,"href":"https:\/\/zaprorenovation.ca\/fr\/wp-json\/wp\/v2\/users\/1"}],"replies":[{"embeddable":true,"href":"https:\/\/zaprorenovation.ca\/fr\/wp-json\/wp\/v2\/comments?post=37"}],"version-history":[{"count":0,"href":"https:\/\/zaprorenovation.ca\/fr\/wp-json\/wp\/v2\/pages\/37\/revisions"}],"up":[{"embeddable":true,"href":"https:\/\/zaprorenovation.ca\/fr\/wp-json\/wp\/v2\/pages\/17"}],"wp:featuredmedia":[{"embeddable":true,"href":"https:\/\/zaprorenovation.ca\/fr\/wp-json\/wp\/v2\/media\/2010"}],"wp:attachment":[{"href":"https:\/\/zaprorenovation.ca\/fr\/wp-json\/wp\/v2\/media?parent=37"}],"curies":[{"name":"wp","href":"https:\/\/api.w.org\/{rel}","templated":true}]}}