{"id":35,"date":"2015-02-05T10:35:36","date_gmt":"2015-02-05T10:35:36","guid":{"rendered":"http:\/\/wpcharming.wpengine.com\/construction\/?page_id=35"},"modified":"2024-05-17T01:28:22","modified_gmt":"2024-05-17T01:28:22","slug":"interlock","status":"publish","type":"page","link":"https:\/\/zaprorenovation.ca\/fr\/our-services\/interlock\/","title":{"rendered":"Interlock"},"content":{"rendered":"<div data-elementor-type=\"wp-page\" data-elementor-id=\"35\" class=\"elementor elementor-35\">\n\t\t\t\t\t\t<section class=\"elementor-section elementor-top-section elementor-element elementor-element-66af493 elementor-section-boxed elementor-section-height-default elementor-section-height-default\" data-id=\"66af493\" data-element_type=\"section\" data-settings=\"{&quot;background_background&quot;:&quot;classic&quot;}\">\n\t\t\t\t\t\t<div class=\"elementor-container elementor-column-gap-default\">\n\t\t\t\t\t<div class=\"elementor-column elementor-col-100 elementor-top-column elementor-element elementor-element-0ada1df\" data-id=\"0ada1df\" data-element_type=\"column\">\n\t\t\t<div class=\"elementor-widget-wrap elementor-element-populated\">\n\t\t\t\t\t\t<div class=\"elementor-element elementor-element-f79c805 elementor-widget elementor-widget-spacer\" data-id=\"f79c805\" data-element_type=\"widget\" data-widget_type=\"spacer.default\">\n\t\t\t\t<div class=\"elementor-widget-container\">\n\t\t\t\t\t\t\t<div class=\"elementor-spacer\">\n\t\t\t<div class=\"elementor-spacer-inner\"><\/div>\n\t\t<\/div>\n\t\t\t\t\t\t<\/div>\n\t\t\t\t<\/div>\n\t\t\t\t\t<\/div>\n\t\t<\/div>\n\t\t\t\t\t<\/div>\n\t\t<\/section>\n\t\t\t\t<section class=\"elementor-section elementor-top-section elementor-element elementor-element-c7a3353 elementor-section-boxed elementor-section-height-default elementor-section-height-default\" data-id=\"c7a3353\" data-element_type=\"section\">\n\t\t\t\t\t\t<div class=\"elementor-container elementor-column-gap-default\">\n\t\t\t\t\t<div class=\"elementor-column elementor-col-100 elementor-top-column elementor-element elementor-element-1cdbca3\" data-id=\"1cdbca3\" data-element_type=\"column\">\n\t\t\t<div class=\"elementor-widget-wrap elementor-element-populated\">\n\t\t\t\t\t\t<div class=\"elementor-element elementor-element-4c64431 elementor-widget elementor-widget-heading\" data-id=\"4c64431\" data-element_type=\"widget\" data-widget_type=\"heading.default\">\n\t\t\t\t<div class=\"elementor-widget-container\">\n\t\t\t\t\t<h1 class=\"elementor-heading-title elementor-size-xl\">INTERLOCK &amp; LANDSCAPING<\/h1>\t\t\t\t<\/div>\n\t\t\t\t<\/div>\n\t\t\t\t\t<\/div>\n\t\t<\/div>\n\t\t\t\t\t<\/div>\n\t\t<\/section>\n\t\t\t\t<section class=\"elementor-section elementor-top-section elementor-element elementor-element-4cbbe5e elementor-section-boxed elementor-section-height-default elementor-section-height-default\" data-id=\"4cbbe5e\" data-element_type=\"section\">\n\t\t\t\t\t\t<div class=\"elementor-container elementor-column-gap-default\">\n\t\t\t\t\t<div class=\"elementor-column elementor-col-16 elementor-top-column elementor-element elementor-element-9f7f589\" data-id=\"9f7f589\" data-element_type=\"column\">\n\t\t\t<div class=\"elementor-widget-wrap\">\n\t\t\t\t\t\t\t<\/div>\n\t\t<\/div>\n\t\t\t\t<div class=\"elementor-column elementor-col-66 elementor-top-column elementor-element elementor-element-47eab77\" data-id=\"47eab77\" data-element_type=\"column\">\n\t\t\t<div class=\"elementor-widget-wrap elementor-element-populated\">\n\t\t\t\t\t\t<div class=\"elementor-element elementor-element-67ae2c4 elementor-widget elementor-widget-text-editor\" data-id=\"67ae2c4\" data-element_type=\"widget\" data-widget_type=\"text-editor.default\">\n\t\t\t\t<div class=\"elementor-widget-container\">\n\t\t\t\t\t\t\t\t\t<p style=\"text-align: center;\">ZA Pro Renovation s'engage \u00e0 concevoir, installer et rajeunir des paysages cr\u00e9atifs et fonctionnels qui traversent l'\u00e9preuve du temps. Cr\u00e9ez un superbe espace de vie ext\u00e9rieur avec des pav\u00e9s interverrouill\u00e9s beaux et fonctionnels de ZA Pro Renovation.<\/p>\t\t\t\t\t\t\t\t<\/div>\n\t\t\t\t<\/div>\n\t\t\t\t\t<\/div>\n\t\t<\/div>\n\t\t\t\t<div class=\"elementor-column elementor-col-16 elementor-top-column elementor-element elementor-element-1aaa96a\" data-id=\"1aaa96a\" data-element_type=\"column\">\n\t\t\t<div class=\"elementor-widget-wrap\">\n\t\t\t\t\t\t\t<\/div>\n\t\t<\/div>\n\t\t\t\t\t<\/div>\n\t\t<\/section>\n\t\t\t\t<section class=\"elementor-section elementor-top-section elementor-element elementor-element-1389fd6 elementor-section-full_width elementor-section-height-min-height elementor-section-content-middle elementor-section-height-default elementor-section-items-middle\" data-id=\"1389fd6\" data-element_type=\"section\" data-settings=\"{&quot;background_background&quot;:&quot;video&quot;,&quot;background_video_link&quot;:&quot;https:\\\/\\\/www.youtube.com\\\/watch?v=KGGtSJ4Shjo&amp;ab_channel=Duralock123&quot;,&quot;background_play_on_mobile&quot;:&quot;yes&quot;,&quot;background_video_start&quot;:248,&quot;background_video_end&quot;:262}\">\n\t\t\t\t\t\t\t\t<div class=\"elementor-background-video-container\">\n\t\t\t\t\t\t\t\t\t\t\t\t\t<div class=\"elementor-background-video-embed\"><\/div>\n\t\t\t\t\t\t\t\t\t\t\t\t<\/div>\n\t\t\t\t\t\t\t\t<div class=\"elementor-container elementor-column-gap-default\">\n\t\t\t\t\t<div class=\"elementor-column elementor-col-100 elementor-top-column elementor-element elementor-element-6cde3b8\" data-id=\"6cde3b8\" data-element_type=\"column\">\n\t\t\t<div class=\"elementor-widget-wrap elementor-element-populated\">\n\t\t\t\t\t\t<div class=\"elementor-element elementor-element-8b42996 elementor-widget elementor-widget-heading\" data-id=\"8b42996\" data-element_type=\"widget\" data-widget_type=\"heading.default\">\n\t\t\t\t<div class=\"elementor-widget-container\">\n\t\t\t\t\t<h1 class=\"elementor-heading-title elementor-size-xl\">Interlock pour la vie<\/h1>\t\t\t\t<\/div>\n\t\t\t\t<\/div>\n\t\t\t\t<div class=\"elementor-element elementor-element-07dbdb9 elementor-align-center elementor-widget elementor-widget-button\" data-id=\"07dbdb9\" data-element_type=\"widget\" data-widget_type=\"button.default\">\n\t\t\t\t<div class=\"elementor-widget-container\">\n\t\t\t\t\t\t\t\t\t<div class=\"elementor-button-wrapper\">\n\t\t\t\t\t<a class=\"elementor-button elementor-button-link elementor-size-lg\" href=\"https:\/\/calendly.com\/falcon-az\/falcon-az\">\n\t\t\t\t\t\t<span class=\"elementor-button-content-wrapper\">\n\t\t\t\t\t\t<span class=\"elementor-button-icon\">\n\t\t\t\t<i aria-hidden=\"true\" class=\"far fa-calendar-times\"><\/i>\t\t\t<\/span>\n\t\t\t\t\t\t\t\t\t<span class=\"elementor-button-text\">R\u00e9servez une consultation gratuite<\/span>\n\t\t\t\t\t<\/span>\n\t\t\t\t\t<\/a>\n\t\t\t\t<\/div>\n\t\t\t\t\t\t\t\t<\/div>\n\t\t\t\t<\/div>\n\t\t\t\t\t<\/div>\n\t\t<\/div>\n\t\t\t\t\t<\/div>\n\t\t<\/section>\n\t\t\t\t<section class=\"elementor-section elementor-top-section elementor-element elementor-element-64a1fce elementor-section-boxed elementor-section-height-default elementor-section-height-default\" data-id=\"64a1fce\" data-element_type=\"section\">\n\t\t\t\t\t\t<div class=\"elementor-container elementor-column-gap-default\">\n\t\t\t\t\t<div class=\"elementor-column elementor-col-100 elementor-top-column elementor-element elementor-element-7c5fe8f\" data-id=\"7c5fe8f\" data-element_type=\"column\">\n\t\t\t<div class=\"elementor-widget-wrap elementor-element-populated\">\n\t\t\t\t\t\t<div class=\"elementor-element elementor-element-3ff6234 elementor-widget elementor-widget-heading\" data-id=\"3ff6234\" data-element_type=\"widget\" data-widget_type=\"heading.default\">\n\t\t\t\t<div class=\"elementor-widget-container\">\n\t\t\t\t\t<h2 class=\"elementor-heading-title elementor-size-default\">Processus d'installation<\/h2>\t\t\t\t<\/div>\n\t\t\t\t<\/div>\n\t\t\t\t<div class=\"elementor-element elementor-element-393f9b3 elementor-widget elementor-widget-timeline-widget-addon\" data-id=\"393f9b3\" data-element_type=\"widget\" data-widget_type=\"timeline-widget-addon.default\">\n\t\t\t\t<div class=\"elementor-widget-container\">\n\t\t\t\t\t<!-- ========= Timeline Widget Addon For Elementor 1.6.8 ========= -->\n<div id=\"twae-wrapper-393f9b3\" class=\"twae-vertical twae-wrapper  twae-both-sided\">   \n    <div class=\"twae-start\"><\/div>    \n    <div id=\"twea-timeline-393f9b3\" class=\"twae-timeline\" ><!-- Start of Story Repeater Content --><div id=\"story-74d287b\" class=\"twae-story twae-repeater-item twae-story-right twae-story-no-icon\"><!-- Story Label --><div class=\"twae-labels\"><div class=\"twae-label-big\">\u00c9tape 1<\/div><\/div><!-- Story Icon Dot --><div class=\"twae-icondot\"><\/div><!-- Story Arrow --><div class=\"twae-arrow\"><\/div><!-- Start of Story Content --><div class=\"twae-content\"><!-- Story Title --><div class=\"twae-title\">Conception<\/div><!-- Story Image --><div class=\"twae-media medium_large\"><img fetchpriority=\"high\" decoding=\"async\" width=\"768\" height=\"641\" src=\"https:\/\/zaprorenovation.ca\/wp-content\/uploads\/2024\/05\/11-768x641.jpg\" class=\"attachment-medium_large size-medium_large\" alt=\"\" srcset=\"https:\/\/zaprorenovation.ca\/wp-content\/uploads\/2024\/05\/11-768x641.jpg 768w, https:\/\/zaprorenovation.ca\/wp-content\/uploads\/2024\/05\/11-300x250.jpg 300w, https:\/\/zaprorenovation.ca\/wp-content\/uploads\/2024\/05\/11-1024x855.jpg 1024w, https:\/\/zaprorenovation.ca\/wp-content\/uploads\/2024\/05\/11.jpg 1402w\" sizes=\"(max-width: 768px) 100vw, 768px\" \/><\/div><!-- Story Description --><div class=\"twae-description\"><p>Lancer un projet r\u00e9ussi commence toujours par la formulation d'un plan ! Pendant cette phase, votre niveau d'implication peut \u00eatre adapt\u00e9 \u00e0 vos pr\u00e9f\u00e9rences, vous permettant de choisir \u00e0 quel point vous souhaitez vous engager dans le processus<\/p><\/div><\/div><\/div><!-- Start of Story Repeater Content --><div id=\"story-cce9ec6\" class=\"twae-story twae-repeater-item twae-story-left twae-story-no-icon\"><!-- Story Label --><div class=\"twae-labels\"><div class=\"twae-label-big\">\u00c9tape 2<\/div><\/div><!-- Story Icon Dot --><div class=\"twae-icondot\"><\/div><!-- Story Arrow --><div class=\"twae-arrow\"><\/div><!-- Start of Story Content --><div class=\"twae-content\"><!-- Story Title --><div class=\"twae-title\">Excavation<\/div><!-- Story Image --><div class=\"twae-media medium_large\"><img decoding=\"async\" width=\"554\" height=\"370\" src=\"https:\/\/zaprorenovation.ca\/wp-content\/uploads\/2024\/05\/22.jpg\" class=\"attachment-medium_large size-medium_large\" alt=\"\" srcset=\"https:\/\/zaprorenovation.ca\/wp-content\/uploads\/2024\/05\/22.jpg 554w, https:\/\/zaprorenovation.ca\/wp-content\/uploads\/2024\/05\/22-300x200.jpg 300w\" sizes=\"(max-width: 554px) 100vw, 554px\" \/><\/div><!-- Story Description --><div class=\"twae-description\"><p style=\"text-align: left\">Toutes les pr\u00e9parations sont termin\u00e9e; il est temps de commencer. La phase initiale de tout projet d'am\u00e9nagement comprend l'excavation du sol pour cr\u00e9er de l'espace pour la base de gravier fondamental sur laquelle votre projet de pierre sera plac\u00e9.<\/p><\/div><\/div><\/div><!-- Start of Story Repeater Content --><div id=\"story-2f24881\" class=\"twae-story twae-repeater-item twae-story-right twae-story-no-icon\"><!-- Story Label --><div class=\"twae-labels\"><div class=\"twae-label-big\">\u00c9tape 3<\/div><\/div><!-- Story Icon Dot --><div class=\"twae-icondot\"><\/div><!-- Story Arrow --><div class=\"twae-arrow\"><\/div><!-- Start of Story Content --><div class=\"twae-content\"><!-- Story Title --><div class=\"twae-title\">Pr\u00e9paration de la fondation<\/div><!-- Story Image --><div class=\"twae-media medium_large\"><img decoding=\"async\" width=\"768\" height=\"432\" src=\"https:\/\/zaprorenovation.ca\/wp-content\/uploads\/2023\/09\/IMG_2946-768x432.jpg\" class=\"attachment-medium_large size-medium_large\" alt=\"\" srcset=\"https:\/\/zaprorenovation.ca\/wp-content\/uploads\/2023\/09\/IMG_2946-768x432.jpg 768w, https:\/\/zaprorenovation.ca\/wp-content\/uploads\/2023\/09\/IMG_2946-300x169.jpg 300w, https:\/\/zaprorenovation.ca\/wp-content\/uploads\/2023\/09\/IMG_2946-1024x576.jpg 1024w, https:\/\/zaprorenovation.ca\/wp-content\/uploads\/2023\/09\/IMG_2946-1536x864.jpg 1536w, https:\/\/zaprorenovation.ca\/wp-content\/uploads\/2023\/09\/IMG_2946.jpg 1600w\" sizes=\"(max-width: 768px) 100vw, 768px\" \/><\/div><!-- Story Description --><div class=\"twae-description\"><p>La pr\u00e9paration de la fondation est cruciale pour pr\u00e9server \u00e0 la fois l'esth\u00e9tique et la long\u00e9vit\u00e9 de votre projet. Nous posons initialement un tissu g\u00e9otextile entre le sol fermement compact\u00e9 en dessous et l'agr\u00e9gat de pierre concass\u00e9e composant la base. Ce tissu sert de protection contre l'affaissement progressif de l'agr\u00e9gat dans le sol, ce qui pourrait compromettre la stabilit\u00e9 et l'apparence de votre projet au fil du temps.<\/p><\/div><\/div><\/div><!-- Start of Story Repeater Content --><div id=\"story-01d35bd\" class=\"twae-story twae-repeater-item twae-story-left twae-story-no-icon\"><!-- Story Label --><div class=\"twae-labels\"><div class=\"twae-label-big\">\u00c9tape 4<\/div><\/div><!-- Story Icon Dot --><div class=\"twae-icondot\"><\/div><!-- Story Arrow --><div class=\"twae-arrow\"><\/div><!-- Start of Story Content --><div class=\"twae-content\"><!-- Story Title --><div class=\"twae-title\">Poser la pierre<\/div><!-- Story Image --><div class=\"twae-media medium_large\"><img loading=\"lazy\" decoding=\"async\" width=\"750\" height=\"450\" src=\"https:\/\/zaprorenovation.ca\/wp-content\/uploads\/2023\/09\/paver-installation-service-750-450.jpg\" class=\"attachment-medium_large size-medium_large\" alt=\"\" srcset=\"https:\/\/zaprorenovation.ca\/wp-content\/uploads\/2023\/09\/paver-installation-service-750-450.jpg 750w, https:\/\/zaprorenovation.ca\/wp-content\/uploads\/2023\/09\/paver-installation-service-750-450-300x180.jpg 300w\" sizes=\"(max-width: 750px) 100vw, 750px\" \/><\/div><!-- Story Description --><div class=\"twae-description\"><p style=\"text-align: left\">Nous commen\u00e7ons le processus par la construction de tous les murs de sout\u00e8nement inclus dans la conception, puis nous proc\u00e9dons \u00e0 la pose des pav\u00e9s. En peu de temps, vous verrez votre projet prendre forme sous vos yeux.<\/p><\/div><\/div><\/div><!-- Start of Story Repeater Content --><div id=\"story-2354c25\" class=\"twae-story twae-repeater-item twae-story-right twae-story-no-icon\"><!-- Story Label --><div class=\"twae-labels\"><div class=\"twae-label-big\">\u00c9tape 5<\/div><\/div><!-- Story Icon Dot --><div class=\"twae-icondot\"><\/div><!-- Story Arrow --><div class=\"twae-arrow\"><\/div><!-- Start of Story Content --><div class=\"twae-content\"><!-- Story Title --><div class=\"twae-title\">Touches finales<\/div><!-- Story Image --><div class=\"twae-media medium_large\"><img loading=\"lazy\" decoding=\"async\" width=\"400\" height=\"267\" src=\"https:\/\/zaprorenovation.ca\/wp-content\/uploads\/2024\/05\/33.jpg\" class=\"attachment-medium_large size-medium_large\" alt=\"\" srcset=\"https:\/\/zaprorenovation.ca\/wp-content\/uploads\/2024\/05\/33.jpg 400w, https:\/\/zaprorenovation.ca\/wp-content\/uploads\/2024\/05\/33-300x200.jpg 300w\" sizes=\"(max-width: 400px) 100vw, 400px\" \/><\/div><!-- Story Description --><div class=\"twae-description\"><p style=\"text-align: left\">Chez ZA Pro Renovation, nous faisons tout notre possible pour minimiser les perturbations sur votre pelouse tout au long du processus de construction. Cependant, il est in\u00e9vitable qu'une certaine perturbation de votre gazon puisse survenir pendant que nous travaillons pour transformer vos r\u00eaves de propri\u00e9t\u00e9 en r\u00e9alit\u00e9. Soyez assur\u00e9 que nous accordons la priorit\u00e9 \u00e0 la restauration de votre pelouse en la reconstituant avec du sol et des graines de gazon avant de conclure notre travail\u2009!<\/p><\/div><\/div><\/div><\/div>\n    <div class=\"twae-end\"><\/div>\n    <\/div><style type=\"text\/css\">@media (max-width: 1024px){ .twae-wrapper{--tw-ybx-size: 80px !important;}}@media (max-width: 767px){ .twae-wrapper{--tw-ybx-size: 80px !important}}<\/style>\t\t\t\t<\/div>\n\t\t\t\t<\/div>\n\t\t\t\t\t<\/div>\n\t\t<\/div>\n\t\t\t\t\t<\/div>\n\t\t<\/section>\n\t\t\t\t<section class=\"elementor-section elementor-top-section elementor-element elementor-element-fb18208 elementor-section-boxed elementor-section-height-default elementor-section-height-default\" data-id=\"fb18208\" data-element_type=\"section\">\n\t\t\t\t\t\t<div class=\"elementor-container elementor-column-gap-default\">\n\t\t\t\t\t<div class=\"elementor-column elementor-col-100 elementor-top-column elementor-element elementor-element-4d7f8f7\" data-id=\"4d7f8f7\" data-element_type=\"column\">\n\t\t\t<div class=\"elementor-widget-wrap elementor-element-populated\">\n\t\t\t\t\t\t<div class=\"elementor-element elementor-element-c2785bf elementor-widget elementor-widget-shortcode\" data-id=\"c2785bf\" data-element_type=\"widget\" data-widget_type=\"shortcode.default\">\n\t\t\t\t<div class=\"elementor-widget-container\">\n\t\t\t\t\t\t\t<div class=\"elementor-shortcode\">\n<div class=\"wpcf7 no-js\" id=\"wpcf7-f1508-o1\" lang=\"en-US\" dir=\"ltr\" data-wpcf7-id=\"1508\">\n<div class=\"screen-reader-response\"><p role=\"status\" aria-live=\"polite\" aria-atomic=\"true\"><\/p> <ul><\/ul><\/div>\n<form action=\"\/fr\/wp-json\/wp\/v2\/pages\/35#wpcf7-f1508-o1\" method=\"post\" class=\"wpcf7-form init\" aria-label=\"Contact form\" novalidate=\"novalidate\" data-status=\"init\" data-trp-original-action=\"\/fr\/wp-json\/wp\/v2\/pages\/35#wpcf7-f1508-o1\">\n<fieldset class=\"hidden-fields-container\"><input type=\"hidden\" name=\"_wpcf7\" value=\"1508\" \/><input type=\"hidden\" name=\"_wpcf7_version\" value=\"6.1\" \/><input type=\"hidden\" name=\"_wpcf7_locale\" value=\"en_US\" \/><input type=\"hidden\" name=\"_wpcf7_unit_tag\" value=\"wpcf7-f1508-o1\" \/><input type=\"hidden\" name=\"_wpcf7_container_post\" value=\"0\" \/><input type=\"hidden\" name=\"_wpcf7_posted_data_hash\" value=\"\" \/>\n<\/fieldset>\n<div class=\"form_1_2\">\n\t<p><span class=\"wpcf7-form-control-wrap\" data-name=\"first-name\"><input size=\"40\" maxlength=\"400\" class=\"wpcf7-form-control wpcf7-text wpcf7-validates-as-required\" aria-required=\"true\" aria-invalid=\"false\" placeholder=\"Pr\u00e9nom\" value=\"\" type=\"text\" name=\"first-name\" \/><\/span>\n\t<\/p>\n<\/div>\n<div class=\"form_1_2 last\">\n\t<p><span class=\"wpcf7-form-control-wrap\" data-name=\"last-name\"><input size=\"40\" maxlength=\"400\" class=\"wpcf7-form-control wpcf7-text wpcf7-validates-as-required\" aria-required=\"true\" aria-invalid=\"false\" placeholder=\"Nom\" value=\"\" type=\"text\" name=\"last-name\" \/><\/span>\n\t<\/p>\n<\/div>\n<div class=\"clear\">\n<\/div>\n<div class=\"form_1_2\">\n\t<p><span class=\"wpcf7-form-control-wrap\" data-name=\"your-email\"><input size=\"40\" maxlength=\"400\" class=\"wpcf7-form-control wpcf7-email wpcf7-validates-as-required wpcf7-text wpcf7-validates-as-email\" aria-required=\"true\" aria-invalid=\"false\" placeholder=\"Votre courriel\" value=\"\" type=\"email\" name=\"your-email\" \/><\/span>\n\t<\/p>\n<\/div>\n<div class=\"form_1_2 last\">\n\t<p><span class=\"wpcf7-form-control-wrap\" data-name=\"tel-879\"><input size=\"40\" maxlength=\"400\" class=\"wpcf7-form-control wpcf7-tel wpcf7-validates-as-required wpcf7-text wpcf7-validates-as-tel\" aria-required=\"true\" aria-invalid=\"false\" placeholder=\"Votre num\u00e9ro de t\u00e9l\u00e9phone\" value=\"\" type=\"tel\" name=\"tel-879\" \/><\/span>\n\t<\/p>\n<\/div>\n<div class=\"clear\">\n<\/div>\n<p><span class=\"wpcf7-form-control-wrap\" data-name=\"your-subject\"><input size=\"40\" maxlength=\"400\" class=\"wpcf7-form-control wpcf7-text\" aria-invalid=\"false\" placeholder=\"Sujet\" value=\"\" type=\"text\" name=\"your-subject\" \/><\/span>\n<\/p>\n<p><span class=\"wpcf7-form-control-wrap\" data-name=\"your-message\"><textarea cols=\"40\" rows=\"10\" maxlength=\"2000\" class=\"wpcf7-form-control wpcf7-textarea\" aria-invalid=\"false\" placeholder=\"Message\" name=\"your-message\"><\/textarea><\/span>\n<\/p>\n<p><input class=\"wpcf7-form-control wpcf7-submit has-spinner btn btn-large btn-secondary\" type=\"submit\" value=\"Envoyer le message\" \/>\n<\/p><div class=\"wpcf7-response-output\" aria-hidden=\"true\"><\/div>\n<input type=\"hidden\" name=\"trp-form-language\" value=\"fr\"\/><\/form>\n<\/div>\n<\/div>\n\t\t\t\t\t\t<\/div>\n\t\t\t\t<\/div>\n\t\t\t\t\t<\/div>\n\t\t<\/div>\n\t\t\t\t\t<\/div>\n\t\t<\/section>\n\t\t\t\t<\/div>","protected":false},"excerpt":{"rendered":"<p>Cr\u00e9er un espace de vie ext\u00e9rieur \u00e9poustouflant avec des pav\u00e9s interlock beaux et fonctionnels de ZA Pro Renovation. Notre \u00e9quipe d'experts offre des services d'installation de haute qualit\u00e9 pour les patios, all\u00e9es, sentiers, et plus encore.<\/p>","protected":false},"author":1,"featured_media":1605,"parent":17,"menu_order":2,"comment_status":"closed","ping_status":"open","template":"","meta":{"footnotes":""},"class_list":["post-35","page","type-page","status-publish","has-post-thumbnail","hentry"],"aioseo_notices":[],"_links":{"self":[{"href":"https:\/\/zaprorenovation.ca\/fr\/wp-json\/wp\/v2\/pages\/35","targetHints":{"allow":["GET"]}}],"collection":[{"href":"https:\/\/zaprorenovation.ca\/fr\/wp-json\/wp\/v2\/pages"}],"about":[{"href":"https:\/\/zaprorenovation.ca\/fr\/wp-json\/wp\/v2\/types\/page"}],"author":[{"embeddable":true,"href":"https:\/\/zaprorenovation.ca\/fr\/wp-json\/wp\/v2\/users\/1"}],"replies":[{"embeddable":true,"href":"https:\/\/zaprorenovation.ca\/fr\/wp-json\/wp\/v2\/comments?post=35"}],"version-history":[{"count":0,"href":"https:\/\/zaprorenovation.ca\/fr\/wp-json\/wp\/v2\/pages\/35\/revisions"}],"up":[{"embeddable":true,"href":"https:\/\/zaprorenovation.ca\/fr\/wp-json\/wp\/v2\/pages\/17"}],"wp:featuredmedia":[{"embeddable":true,"href":"https:\/\/zaprorenovation.ca\/fr\/wp-json\/wp\/v2\/media\/1605"}],"wp:attachment":[{"href":"https:\/\/zaprorenovation.ca\/fr\/wp-json\/wp\/v2\/media?parent=35"}],"curies":[{"name":"wp","href":"https:\/\/api.w.org\/{rel}","templated":true}]}}