{"id":21,"date":"2015-02-05T10:21:41","date_gmt":"2015-02-05T10:21:41","guid":{"rendered":"http:\/\/wpcharming.wpengine.com\/construction\/?page_id=21"},"modified":"2024-04-24T18:12:09","modified_gmt":"2024-04-24T18:12:09","slug":"who-we-are","status":"publish","type":"page","link":"https:\/\/zaprorenovation.ca\/fr\/who-we-are\/","title":{"rendered":"Qui sommes-nous"},"content":{"rendered":"<div data-elementor-type=\"wp-page\" data-elementor-id=\"21\" class=\"elementor elementor-21\">\n\t\t\t\t\t\t<section class=\"elementor-section elementor-top-section elementor-element elementor-element-1e226e3 elementor-section-boxed elementor-section-height-default elementor-section-height-default\" data-id=\"1e226e3\" data-element_type=\"section\">\n\t\t\t\t\t\t<div class=\"elementor-container elementor-column-gap-wide\">\n\t\t\t\t\t<div class=\"elementor-column elementor-col-100 elementor-top-column elementor-element elementor-element-1e6bd3e\" data-id=\"1e6bd3e\" data-element_type=\"column\">\n\t\t\t<div class=\"elementor-widget-wrap elementor-element-populated\">\n\t\t\t\t\t\t<div class=\"elementor-element elementor-element-6835e41 elementor-widget elementor-widget-wpc-custom-heading\" data-id=\"6835e41\" data-element_type=\"widget\" data-widget_type=\"wpc-custom-heading.default\">\n\t\t\t\t<div class=\"elementor-widget-container\">\n\t\t\t\t\t\n        <div class=\"custom-heading wpb_content_element  heading-medium\">\n            <h2 class=\"heading-title\" >ZA Pro Renovation<\/h2>\n            <span class=\"heading-line primary\"><\/span>\n        <\/div>\t\t\t\t<\/div>\n\t\t\t\t<\/div>\n\t\t\t\t<div class=\"elementor-element elementor-element-0c9f254 elementor-widget elementor-widget-text-editor\" data-id=\"0c9f254\" data-element_type=\"widget\" data-widget_type=\"text-editor.default\">\n\t\t\t\t<div class=\"elementor-widget-container\">\n\t\t\t\t\t\t\t\t\t<p>Bienvenue chez ZA Pro Renovation, une entreprise de r\u00e9novation de maisons de premier plan qui se consacre \u00e0 fournir \u00e0 ses clients des services de r\u00e9novation de la plus haute qualit\u00e9. Nous pensons que chaque projet de r\u00e9novation de maison doit \u00eatre le reflet unique du propri\u00e9taire, et nous nous effor\u00e7ons de donner vie \u00e0 la vision de nos clients dans chaque projet que nous entreprenons.<\/p><p>Chez ZA Pro Renovation, notre \u00e9quipe de professionnels exp\u00e9riment\u00e9s en r\u00e9novation s'engage \u00e0 fournir le meilleur service et les meilleurs r\u00e9sultats possibles. Nous comprenons que la r\u00e9novation de votre maison est un investissement important, et nous travaillons en \u00e9troite collaboration avec nos clients pour nous assurer que leur vision est r\u00e9alis\u00e9e dans tous les aspects du projet.<\/p><p>Que vous souhaitiez moderniser votre cuisine, ajouter une nouvelle salle de bains ou r\u00e9nover l'ensemble de votre maison, notre \u00e9quipe poss\u00e8de l'exp\u00e9rience et l'expertise n\u00e9cessaires pour mener \u00e0 bien votre projet. De la phase de conception initiale \u00e0 la visite finale, nous travaillons en \u00e9troite collaboration avec nos clients pour nous assurer que chaque d\u00e9tail est pris en compte et que toutes les attentes sont satisfaites.<\/p><p>Chez ZA Pro Renovation, nous sommes fiers de notre engagement envers l'excellence et nous sommes fiers d'\u00eatre l'une des principales entreprises de r\u00e9novation de maisons au Canada. Nous n'utilisons que des mat\u00e9riaux de la plus haute qualit\u00e9 et des techniques de pointe pour nous assurer que chaque projet est r\u00e9alis\u00e9 selon les normes les plus \u00e9lev\u00e9es.<\/p><p>Donc, si vous recherchez une entreprise de r\u00e9novation de maison fiable, professionnelle et ax\u00e9e sur la qualit\u00e9, ne cherchez pas plus loin que ZA Pro Renovation. Nous sommes l\u00e0 pour donner vie \u00e0 votre vision de r\u00e9novation. Contactez-nous d\u00e8s aujourd'hui pour en savoir plus sur la fa\u00e7on dont nous pouvons vous aider \u00e0 transformer votre maison.<\/p>\t\t\t\t\t\t\t\t<\/div>\n\t\t\t\t<\/div>\n\t\t\t\t\t<\/div>\n\t\t<\/div>\n\t\t\t\t\t<\/div>\n\t\t<\/section>\n\t\t\t\t<\/div>","protected":false},"excerpt":{"rendered":"<p>ZA Pro Renovation Welcome to ZA Pro Renovation, a premier house renovation company dedicated to providing our clients with the highest &#8230;<\/p>","protected":false},"author":1,"featured_media":0,"parent":0,"menu_order":0,"comment_status":"open","ping_status":"open","template":"","meta":{"footnotes":""},"class_list":["post-21","page","type-page","status-publish","hentry"],"aioseo_notices":[],"_links":{"self":[{"href":"https:\/\/zaprorenovation.ca\/fr\/wp-json\/wp\/v2\/pages\/21","targetHints":{"allow":["GET"]}}],"collection":[{"href":"https:\/\/zaprorenovation.ca\/fr\/wp-json\/wp\/v2\/pages"}],"about":[{"href":"https:\/\/zaprorenovation.ca\/fr\/wp-json\/wp\/v2\/types\/page"}],"author":[{"embeddable":true,"href":"https:\/\/zaprorenovation.ca\/fr\/wp-json\/wp\/v2\/users\/1"}],"replies":[{"embeddable":true,"href":"https:\/\/zaprorenovation.ca\/fr\/wp-json\/wp\/v2\/comments?post=21"}],"version-history":[{"count":0,"href":"https:\/\/zaprorenovation.ca\/fr\/wp-json\/wp\/v2\/pages\/21\/revisions"}],"wp:attachment":[{"href":"https:\/\/zaprorenovation.ca\/fr\/wp-json\/wp\/v2\/media?parent=21"}],"curies":[{"name":"wp","href":"https:\/\/api.w.org\/{rel}","templated":true}]}}