{"id":207,"date":"2015-02-04T13:26:14","date_gmt":"2015-02-04T13:26:14","guid":{"rendered":"http:\/\/wpcharming.wpengine.com\/construction\/?page_id=207"},"modified":"2023-06-16T01:42:36","modified_gmt":"2023-06-16T01:42:36","slug":"hardwood-flooring","status":"publish","type":"page","link":"https:\/\/zaprorenovation.ca\/fr\/our-services\/hardwood-flooring\/","title":{"rendered":"Plancher en bois franc"},"content":{"rendered":"<div data-elementor-type=\"wp-page\" data-elementor-id=\"207\" class=\"elementor elementor-207\">\n\t\t\t\t\t\t<section class=\"elementor-section elementor-top-section elementor-element elementor-element-3ebed57 elementor-section-boxed elementor-section-height-default elementor-section-height-default\" data-id=\"3ebed57\" data-element_type=\"section\">\n\t\t\t\t\t\t<div class=\"elementor-container elementor-column-gap-no\">\n\t\t\t\t\t<div class=\"elementor-column elementor-col-100 elementor-top-column elementor-element elementor-element-1824989\" data-id=\"1824989\" data-element_type=\"column\">\n\t\t\t<div class=\"elementor-widget-wrap elementor-element-populated\">\n\t\t\t\t\t\t<div class=\"elementor-element elementor-element-3e6320af elementor-widget elementor-widget-image\" data-id=\"3e6320af\" data-element_type=\"widget\" data-widget_type=\"image.default\">\n\t\t\t\t<div class=\"elementor-widget-container\">\n\t\t\t\t\t\t\t\t\t\t\t\t\t\t\t<img fetchpriority=\"high\" decoding=\"async\" width=\"800\" height=\"534\" src=\"https:\/\/zaprorenovation.ca\/wp-content\/uploads\/2015\/02\/laminate-floor-covering-1024x684.jpg\" class=\"attachment-large size-large wp-image-98\" alt=\"\" srcset=\"https:\/\/zaprorenovation.ca\/wp-content\/uploads\/2015\/02\/laminate-floor-covering-1024x684.jpg 1024w, https:\/\/zaprorenovation.ca\/wp-content\/uploads\/2015\/02\/laminate-floor-covering-300x200.jpg 300w, https:\/\/zaprorenovation.ca\/wp-content\/uploads\/2015\/02\/laminate-floor-covering-768x513.jpg 768w, https:\/\/zaprorenovation.ca\/wp-content\/uploads\/2015\/02\/laminate-floor-covering-1536x1025.jpg 1536w, https:\/\/zaprorenovation.ca\/wp-content\/uploads\/2015\/02\/laminate-floor-covering.jpg 1600w\" sizes=\"(max-width: 800px) 100vw, 800px\" \/>\t\t\t\t\t\t\t\t\t\t\t\t\t\t\t<\/div>\n\t\t\t\t<\/div>\n\t\t\t\t<div class=\"elementor-element elementor-element-3c98bb4c elementor-widget elementor-widget-image-gallery\" data-id=\"3c98bb4c\" data-element_type=\"widget\" data-widget_type=\"image-gallery.default\">\n\t\t\t\t<div class=\"elementor-widget-container\">\n\t\t\t\t\t\t\t<div class=\"elementor-image-gallery\">\n\t\t\t\t\t<\/div>\n\t\t\t\t\t\t<\/div>\n\t\t\t\t<\/div>\n\t\t\t\t\t<\/div>\n\t\t<\/div>\n\t\t\t\t\t<\/div>\n\t\t<\/section>\n\t\t\t\t<section class=\"elementor-section elementor-top-section elementor-element elementor-element-2bd4b09d elementor-section-boxed elementor-section-height-default elementor-section-height-default\" data-id=\"2bd4b09d\" data-element_type=\"section\">\n\t\t\t\t\t\t<div class=\"elementor-container elementor-column-gap-no\">\n\t\t\t\t\t<div class=\"elementor-column elementor-col-50 elementor-top-column elementor-element elementor-element-3ad37173\" data-id=\"3ad37173\" data-element_type=\"column\">\n\t\t\t<div class=\"elementor-widget-wrap elementor-element-populated\">\n\t\t\t\t\t\t<div class=\"elementor-element elementor-element-3a62e620 elementor-widget elementor-widget-text-editor\" data-id=\"3a62e620\" data-element_type=\"widget\" data-widget_type=\"text-editor.default\">\n\t\t\t\t<div class=\"elementor-widget-container\">\n\t\t\t\t\t\t\t\t\t<blockquote><p>Transformez votre maison avec de magnifiques rev\u00eatements de sol en bois franc, durables et durables. Chez ZA Pro Renovation, nous proposons des services d'installation experts ainsi qu'un large choix d'options de bois franc massif et d'ing\u00e9nierie dans une vari\u00e9t\u00e9 de couleurs, de styles et d'essences de bois. Que vous recherchiez un plancher classique en ch\u00eane ou un plancher moderne en bambou, nous avons tout ce dont vous avez besoin pour concr\u00e9tiser votre vision de rev\u00eatement de sol. Avec notre engagement envers la qualit\u00e9, la satisfaction client et l'accessibilit\u00e9, vous pouvez compter sur nous pour r\u00e9pondre \u00e0 tous vos besoins en mati\u00e8re de rev\u00eatement de sol. Contactez-nous d\u00e8s aujourd'hui pour une consultation gratuite et commencez \u00e0 profiter de la beaut\u00e9 et des avantages des rev\u00eatements de sol en bois franc dans votre maison !<\/p><\/blockquote>\t\t\t\t\t\t\t\t<\/div>\n\t\t\t\t<\/div>\n\t\t\t\t<div class=\"elementor-element elementor-element-3849cf9f elementor-widget elementor-widget-text-editor\" data-id=\"3849cf9f\" data-element_type=\"widget\" data-widget_type=\"text-editor.default\">\n\t\t\t\t<div class=\"elementor-widget-container\">\n\t\t\t\t\t\t\t\t\t<h4>Ce que nous faisons<\/h4><p>ZA Pro Renovation offre une fantastique opportunit\u00e9 pour rehausser le style, la chaleur et la valeur de votre maison avec ses superbes planchers en bois franc. Choisissez parmi une vaste s\u00e9lection d'options de bois franc massif et d'ing\u00e9nierie dans une gamme de couleurs, de designs et d'essences de bois. Nous avons toutes les ressources n\u00e9cessaires pour donner vie \u00e0 votre vision de plancher.<\/p>\t\t\t\t\t\t\t\t<\/div>\n\t\t\t\t<\/div>\n\t\t\t\t\t<\/div>\n\t\t<\/div>\n\t\t\t\t<div class=\"elementor-column elementor-col-50 elementor-top-column elementor-element elementor-element-1d5eacbc\" data-id=\"1d5eacbc\" data-element_type=\"column\">\n\t\t\t<div class=\"elementor-widget-wrap elementor-element-populated\">\n\t\t\t\t\t\t<div class=\"elementor-element elementor-element-5804e84b elementor-widget elementor-widget-text-editor\" data-id=\"5804e84b\" data-element_type=\"widget\" data-widget_type=\"text-editor.default\">\n\t\t\t\t<div class=\"elementor-widget-container\">\n\t\t\t\t\t\t\t\t\t<h4>Le plancher en bois franc pr\u00e9sente plusieurs avantages, notamment :<\/h4><ol><li>Durabilit\u00e9 : Les planchers de bois franc sont extr\u00eamement durables et peuvent durer des g\u00e9n\u00e9rations avec les soins appropri\u00e9s.<\/li><li>Beaut\u00e9 naturelle : Les planchers de bois franc ont une beaut\u00e9 naturelle qui ajoute de la chaleur et du caract\u00e8re \u00e0 n'importe quelle pi\u00e8ce.<\/li><li>Polyvalence : Les planchers de bois franc peuvent \u00eatre teints ou finis pour s'harmoniser avec n'importe quel d\u00e9cor et peuvent \u00eatre ponc\u00e9s et revernis plusieurs fois pour renouveler leur apparence.<\/li><li>Facilit\u00e9 d'entretien : Les planchers de bois franc sont relativement faciles \u00e0 nettoyer et \u00e0 entretenir, en balayant ou en aspirant r\u00e9guli\u00e8rement et en cirant ou en polissant occasionnellement.<\/li><li>Bienfaits pour la sant\u00e9 : Les planchers de bois franc ne retiennent pas la poussi\u00e8re, les allerg\u00e8nes et autres polluants, en faisant une option plus saine par rapport \u00e0 la moquette.<\/li><li>Valeur de revente : Les planchers de bois franc peuvent augmenter la valeur de revente d'une maison, en en faisant un investissement judicieux \u00e0 long terme.<\/li><li>Respectueux de l'environnement : De nombreuses options de planchers de bois franc sont fabriqu\u00e9es \u00e0 partir de bois r\u00e9colt\u00e9 de mani\u00e8re durable.<\/li><\/ol>\t\t\t\t\t\t\t\t<\/div>\n\t\t\t\t<\/div>\n\t\t\t\t\t<\/div>\n\t\t<\/div>\n\t\t\t\t\t<\/div>\n\t\t<\/section>\n\t\t\t\t<\/div>","protected":false},"excerpt":{"rendered":"<p>Transformez votre maison avec des planchers en bois franc magnifiques et durables. Nous offrons des services d'installation professionnels et une large s\u00e9lection d'options de bois franc massif et d'ing\u00e9nierie dans une vari\u00e9t\u00e9 de couleurs.<\/p>","protected":false},"author":1,"featured_media":98,"parent":17,"menu_order":1,"comment_status":"closed","ping_status":"open","template":"","meta":{"footnotes":""},"class_list":["post-207","page","type-page","status-publish","has-post-thumbnail","hentry"],"aioseo_notices":[],"_links":{"self":[{"href":"https:\/\/zaprorenovation.ca\/fr\/wp-json\/wp\/v2\/pages\/207","targetHints":{"allow":["GET"]}}],"collection":[{"href":"https:\/\/zaprorenovation.ca\/fr\/wp-json\/wp\/v2\/pages"}],"about":[{"href":"https:\/\/zaprorenovation.ca\/fr\/wp-json\/wp\/v2\/types\/page"}],"author":[{"embeddable":true,"href":"https:\/\/zaprorenovation.ca\/fr\/wp-json\/wp\/v2\/users\/1"}],"replies":[{"embeddable":true,"href":"https:\/\/zaprorenovation.ca\/fr\/wp-json\/wp\/v2\/comments?post=207"}],"version-history":[{"count":0,"href":"https:\/\/zaprorenovation.ca\/fr\/wp-json\/wp\/v2\/pages\/207\/revisions"}],"up":[{"embeddable":true,"href":"https:\/\/zaprorenovation.ca\/fr\/wp-json\/wp\/v2\/pages\/17"}],"wp:featuredmedia":[{"embeddable":true,"href":"https:\/\/zaprorenovation.ca\/fr\/wp-json\/wp\/v2\/media\/98"}],"wp:attachment":[{"href":"https:\/\/zaprorenovation.ca\/fr\/wp-json\/wp\/v2\/media?parent=207"}],"curies":[{"name":"wp","href":"https:\/\/api.w.org\/{rel}","templated":true}]}}