{"id":205,"date":"2015-02-07T13:15:02","date_gmt":"2015-02-07T13:15:02","guid":{"rendered":"http:\/\/wpcharming.wpengine.com\/construction\/?page_id=205"},"modified":"2023-06-16T01:42:36","modified_gmt":"2023-06-16T01:42:36","slug":"shower","status":"publish","type":"page","link":"https:\/\/zaprorenovation.ca\/fr\/our-services\/shower\/","title":{"rendered":"Douche"},"content":{"rendered":"<div data-elementor-type=\"wp-page\" data-elementor-id=\"205\" class=\"elementor elementor-205\">\n\t\t\t\t\t\t<section class=\"elementor-section elementor-top-section elementor-element elementor-element-305daa2a elementor-section-boxed elementor-section-height-default elementor-section-height-default\" data-id=\"305daa2a\" data-element_type=\"section\">\n\t\t\t\t\t\t<div class=\"elementor-container elementor-column-gap-no\">\n\t\t\t\t\t<div class=\"elementor-column elementor-col-100 elementor-top-column elementor-element elementor-element-26578643\" data-id=\"26578643\" data-element_type=\"column\">\n\t\t\t<div class=\"elementor-widget-wrap elementor-element-populated\">\n\t\t\t\t\t\t<div class=\"elementor-element elementor-element-544423d3 elementor-widget elementor-widget-image\" data-id=\"544423d3\" data-element_type=\"widget\" data-widget_type=\"image.default\">\n\t\t\t\t<div class=\"elementor-widget-container\">\n\t\t\t\t\t\t\t\t\t\t\t\t\t\t\t<img fetchpriority=\"high\" decoding=\"async\" width=\"768\" height=\"1024\" src=\"https:\/\/zaprorenovation.ca\/wp-content\/uploads\/2023\/02\/WhatsApp-Image-2022-12-20-at-1.20.10-PM-1-768x1024.jpeg\" class=\"attachment-large size-large wp-image-1656\" alt=\"\" srcset=\"https:\/\/zaprorenovation.ca\/wp-content\/uploads\/2023\/02\/WhatsApp-Image-2022-12-20-at-1.20.10-PM-1-768x1024.jpeg 768w, https:\/\/zaprorenovation.ca\/wp-content\/uploads\/2023\/02\/WhatsApp-Image-2022-12-20-at-1.20.10-PM-1-225x300.jpeg 225w, https:\/\/zaprorenovation.ca\/wp-content\/uploads\/2023\/02\/WhatsApp-Image-2022-12-20-at-1.20.10-PM-1-1152x1536.jpeg 1152w, https:\/\/zaprorenovation.ca\/wp-content\/uploads\/2023\/02\/WhatsApp-Image-2022-12-20-at-1.20.10-PM-1.jpeg 1536w\" sizes=\"(max-width: 768px) 100vw, 768px\" \/>\t\t\t\t\t\t\t\t\t\t\t\t\t\t\t<\/div>\n\t\t\t\t<\/div>\n\t\t\t\t<div class=\"elementor-element elementor-element-731fce5c elementor-widget elementor-widget-image-gallery\" data-id=\"731fce5c\" data-element_type=\"widget\" data-widget_type=\"image-gallery.default\">\n\t\t\t\t<div class=\"elementor-widget-container\">\n\t\t\t\t\t\t\t<div class=\"elementor-image-gallery\">\n\t\t\t\t\t<\/div>\n\t\t\t\t\t\t<\/div>\n\t\t\t\t<\/div>\n\t\t\t\t\t<\/div>\n\t\t<\/div>\n\t\t\t\t\t<\/div>\n\t\t<\/section>\n\t\t\t\t<section class=\"elementor-section elementor-top-section elementor-element elementor-element-66ec367a elementor-section-boxed elementor-section-height-default elementor-section-height-default\" data-id=\"66ec367a\" data-element_type=\"section\">\n\t\t\t\t\t\t<div class=\"elementor-container elementor-column-gap-no\">\n\t\t\t\t\t<div class=\"elementor-column elementor-col-50 elementor-top-column elementor-element elementor-element-436246b\" data-id=\"436246b\" data-element_type=\"column\">\n\t\t\t<div class=\"elementor-widget-wrap elementor-element-populated\">\n\t\t\t\t\t\t<div class=\"elementor-element elementor-element-6ac5c602 elementor-widget elementor-widget-text-editor\" data-id=\"6ac5c602\" data-element_type=\"widget\" data-widget_type=\"text-editor.default\">\n\t\t\t\t<div class=\"elementor-widget-container\">\n\t\t\t\t\t\t\t\t\t<blockquote><p>\"D\u00e9couvrez le luxe et la d\u00e9tente dans votre propre maison gr\u00e2ce \u00e0 un design de douche sur mesure de ZA Pro Renovation. Notre \u00e9quipe d'experts designers et artisans se sp\u00e9cialise dans la cr\u00e9ation de douches belles et fonctionnelles qui r\u00e9pondent \u00e0 vos besoins et pr\u00e9f\u00e9rences sp\u00e9cifiques. Nous avons l'expertise pour concr\u00e9tiser votre vision. Nous n'utilisons que des mat\u00e9riaux de la plus haute qualit\u00e9 et des techniques de pointe pour garantir votre enti\u00e8re satisfaction. Contactez-nous aujourd'hui pour une consultation gratuite et commencez \u00e0 profiter de la beaut\u00e9 et des avantages d'une douche sur mesure dans votre propre maison.''<\/p><\/blockquote>\t\t\t\t\t\t\t\t<\/div>\n\t\t\t\t<\/div>\n\t\t\t\t\t<\/div>\n\t\t<\/div>\n\t\t\t\t<div class=\"elementor-column elementor-col-50 elementor-top-column elementor-element elementor-element-2260ec9f\" data-id=\"2260ec9f\" data-element_type=\"column\">\n\t\t\t<div class=\"elementor-widget-wrap elementor-element-populated\">\n\t\t\t\t\t\t<div class=\"elementor-element elementor-element-36513cc elementor-widget elementor-widget-text-editor\" data-id=\"36513cc\" data-element_type=\"widget\" data-widget_type=\"text-editor.default\">\n\t\t\t\t<div class=\"elementor-widget-container\">\n\t\t\t\t\t\t\t\t\t<h4>Voici quelques caract\u00e9ristiques \u00e0 consid\u00e9rer lors de la conception d'une douche sur mesure :<\/h4><ol><li>Rev\u00eatement : Personnalisez l'apparence de votre douche avec une large vari\u00e9t\u00e9 d'options de carrelage, y compris le gr\u00e8s, la c\u00e9ramique, la pierre naturelle et le verre.<\/li><li>Sol de douche : Choisissez parmi une gamme d'options de sol de douche, y compris galets, mosa\u00efque et drains lin\u00e9aires.<\/li><li>Si\u00e8ges de banc : Ajoutez un banc ou un si\u00e8ge confortable pour plus de commodit\u00e9 et de relaxation.<\/li><li>\u00c9tag\u00e8res : Int\u00e9grez des \u00e9tag\u00e8res ou des niches pour ranger les produits de toilette et autres essentiels de douche.<\/li><li>Enceintes en verre : Personnalisez l'apparence de votre douche avec une enceinte en verre ou une porte dans une vari\u00e9t\u00e9 de styles et de finitions.<\/li><\/ol><p>Ce ne sont l\u00e0 que quelques-unes des fonctionnalit\u00e9s que vous pouvez envisager lors de la conception d'une douche sur mesure. Les options disponibles d\u00e9pendront de vos besoins sp\u00e9cifiques et de votre budget, et votre designer peut vous aider \u00e0 faire les meilleurs choix pour votre espace douche.<\/p>\t\t\t\t\t\t\t\t<\/div>\n\t\t\t\t<\/div>\n\t\t\t\t\t<\/div>\n\t\t<\/div>\n\t\t\t\t\t<\/div>\n\t\t<\/section>\n\t\t\t\t<\/div>","protected":false},"excerpt":{"rendered":"<p>Experience luxury and relaxation in your own home with custom shower design from ZA Pro Renovation. Our expert team of designers and craftsmen specialize in creating beautiful and functional showers &#8230;.<\/p>","protected":false},"author":1,"featured_media":1654,"parent":17,"menu_order":4,"comment_status":"closed","ping_status":"open","template":"","meta":{"footnotes":""},"class_list":["post-205","page","type-page","status-publish","has-post-thumbnail","hentry"],"aioseo_notices":[],"_links":{"self":[{"href":"https:\/\/zaprorenovation.ca\/fr\/wp-json\/wp\/v2\/pages\/205","targetHints":{"allow":["GET"]}}],"collection":[{"href":"https:\/\/zaprorenovation.ca\/fr\/wp-json\/wp\/v2\/pages"}],"about":[{"href":"https:\/\/zaprorenovation.ca\/fr\/wp-json\/wp\/v2\/types\/page"}],"author":[{"embeddable":true,"href":"https:\/\/zaprorenovation.ca\/fr\/wp-json\/wp\/v2\/users\/1"}],"replies":[{"embeddable":true,"href":"https:\/\/zaprorenovation.ca\/fr\/wp-json\/wp\/v2\/comments?post=205"}],"version-history":[{"count":0,"href":"https:\/\/zaprorenovation.ca\/fr\/wp-json\/wp\/v2\/pages\/205\/revisions"}],"up":[{"embeddable":true,"href":"https:\/\/zaprorenovation.ca\/fr\/wp-json\/wp\/v2\/pages\/17"}],"wp:featuredmedia":[{"embeddable":true,"href":"https:\/\/zaprorenovation.ca\/fr\/wp-json\/wp\/v2\/media\/1654"}],"wp:attachment":[{"href":"https:\/\/zaprorenovation.ca\/fr\/wp-json\/wp\/v2\/media?parent=205"}],"curies":[{"name":"wp","href":"https:\/\/api.w.org\/{rel}","templated":true}]}}