{"id":1997,"date":"2023-02-26T03:54:09","date_gmt":"2023-02-26T03:54:09","guid":{"rendered":"https:\/\/zaprorenovation.ca\/?page_id=1997"},"modified":"2023-06-16T01:42:36","modified_gmt":"2023-06-16T01:42:36","slug":"kitchen-renovation","status":"publish","type":"page","link":"https:\/\/zaprorenovation.ca\/fr\/our-services\/kitchen-renovation\/","title":{"rendered":"R\u00e9novation de cuisine"},"content":{"rendered":"<div data-elementor-type=\"wp-page\" data-elementor-id=\"1997\" class=\"elementor elementor-1997\">\n\t\t\t\t\t\t<section class=\"elementor-section elementor-top-section elementor-element elementor-element-3ebed57 elementor-section-boxed elementor-section-height-default elementor-section-height-default\" data-id=\"3ebed57\" data-element_type=\"section\">\n\t\t\t\t\t\t<div class=\"elementor-container elementor-column-gap-no\">\n\t\t\t\t\t<div class=\"elementor-column elementor-col-100 elementor-top-column elementor-element elementor-element-1824989\" data-id=\"1824989\" data-element_type=\"column\">\n\t\t\t<div class=\"elementor-widget-wrap elementor-element-populated\">\n\t\t\t\t\t\t<div class=\"elementor-element elementor-element-3e6320af elementor-widget elementor-widget-image\" data-id=\"3e6320af\" data-element_type=\"widget\" data-widget_type=\"image.default\">\n\t\t\t\t<div class=\"elementor-widget-container\">\n\t\t\t\t\t\t\t\t\t\t\t\t\t\t\t<img fetchpriority=\"high\" decoding=\"async\" width=\"800\" height=\"533\" src=\"https:\/\/zaprorenovation.ca\/wp-content\/uploads\/2023\/02\/20230226072135_fpdl.ir_modern-kitchen-interior-white-colors_181624-58451-1024x682.jpg\" class=\"attachment-large size-large wp-image-1998\" alt=\"\" srcset=\"https:\/\/zaprorenovation.ca\/wp-content\/uploads\/2023\/02\/20230226072135_fpdl.ir_modern-kitchen-interior-white-colors_181624-58451-1024x682.jpg 1024w, https:\/\/zaprorenovation.ca\/wp-content\/uploads\/2023\/02\/20230226072135_fpdl.ir_modern-kitchen-interior-white-colors_181624-58451-300x200.jpg 300w, https:\/\/zaprorenovation.ca\/wp-content\/uploads\/2023\/02\/20230226072135_fpdl.ir_modern-kitchen-interior-white-colors_181624-58451-768x512.jpg 768w, https:\/\/zaprorenovation.ca\/wp-content\/uploads\/2023\/02\/20230226072135_fpdl.ir_modern-kitchen-interior-white-colors_181624-58451-1536x1024.jpg 1536w, https:\/\/zaprorenovation.ca\/wp-content\/uploads\/2023\/02\/20230226072135_fpdl.ir_modern-kitchen-interior-white-colors_181624-58451.jpg 2000w\" sizes=\"(max-width: 800px) 100vw, 800px\" \/>\t\t\t\t\t\t\t\t\t\t\t\t\t\t\t<\/div>\n\t\t\t\t<\/div>\n\t\t\t\t<div class=\"elementor-element elementor-element-3c98bb4c elementor-widget elementor-widget-image-gallery\" data-id=\"3c98bb4c\" data-element_type=\"widget\" data-widget_type=\"image-gallery.default\">\n\t\t\t\t<div class=\"elementor-widget-container\">\n\t\t\t\t\t\t\t<div class=\"elementor-image-gallery\">\n\t\t\t\t\t<\/div>\n\t\t\t\t\t\t<\/div>\n\t\t\t\t<\/div>\n\t\t\t\t\t<\/div>\n\t\t<\/div>\n\t\t\t\t\t<\/div>\n\t\t<\/section>\n\t\t\t\t<section class=\"elementor-section elementor-top-section elementor-element elementor-element-2bd4b09d elementor-section-boxed elementor-section-height-default elementor-section-height-default\" data-id=\"2bd4b09d\" data-element_type=\"section\">\n\t\t\t\t\t\t<div class=\"elementor-container elementor-column-gap-no\">\n\t\t\t\t\t<div class=\"elementor-column elementor-col-50 elementor-top-column elementor-element elementor-element-3ad37173\" data-id=\"3ad37173\" data-element_type=\"column\">\n\t\t\t<div class=\"elementor-widget-wrap elementor-element-populated\">\n\t\t\t\t\t\t<div class=\"elementor-element elementor-element-3a62e620 elementor-widget elementor-widget-text-editor\" data-id=\"3a62e620\" data-element_type=\"widget\" data-widget_type=\"text-editor.default\">\n\t\t\t\t<div class=\"elementor-widget-container\">\n\t\t\t\t\t\t\t\t\t<p>Notre service de r\u00e9novation de cuisine est d\u00e9di\u00e9 \u00e0 transformer votre cuisine en un espace magnifique et fonctionnel qui r\u00e9pond \u00e0 tous vos besoins. Nous comprenons que la cuisine est le c\u0153ur de la maison, et nous sommes fiers de fournir une qualit\u00e9 exceptionnelle et une attention aux d\u00e9tails dans chaque projet de r\u00e9novation que nous r\u00e9alisons.<\/p><p>Notre \u00e9quipe de designers et entrepreneurs exp\u00e9riment\u00e9s travaillera avec vous pour cr\u00e9er un design sur mesure qui correspond \u00e0 votre style et \u00e0 vos exigences uniques. Nous proposons une large gamme de services de r\u00e9novation de cuisine, incluant les armoires, les plans de travail, les cr\u00e9dences, l'\u00e9clairage, et bien plus encore. Nous n'utilisons que des mat\u00e9riaux et des produits de la plus haute qualit\u00e9 pour garantir que votre nouvelle cuisine est con\u00e7ue pour durer.<\/p><p>Nous veillerons \u00e9galement \u00e0 ce que le processus de r\u00e9novation soit le moins stressant possible. Notre \u00e9quipe s'occupera de tout, de la d\u00e9molition \u00e0 l'installation, et nous vous tiendrons inform\u00e9 \u00e0 chaque \u00e9tape. Nous comprenons l'importance de maintenir votre maison propre et ordonn\u00e9e, et nous prenons toutes les pr\u00e9cautions n\u00e9cessaires pour assurer la protection de votre domicile pendant le processus de r\u00e9novation.<\/p><p>Dans notre service de r\u00e9novation de cuisine, nous nous engageons \u00e0 offrir une qualit\u00e9 exceptionnelle et un service client \u00e0 chaque \u00e9tape du processus. Nous sommes fiers de notre travail et nous nous assurons que chaque projet de r\u00e9novation est r\u00e9alis\u00e9 selon les normes les plus \u00e9lev\u00e9es, en utilisant uniquement les meilleurs mat\u00e9riaux et techniques.<\/p><p>Faites-nous confiance pour transformer votre cuisine en un espace magnifique et fonctionnel que vous allez adorer. Contactez-nous d\u00e8s aujourd'hui pour en savoir plus sur nos services de r\u00e9novation de cuisine et pour planifier une consultation.<\/p>\t\t\t\t\t\t\t\t<\/div>\n\t\t\t\t<\/div>\n\t\t\t\t\t<\/div>\n\t\t<\/div>\n\t\t\t\t<div class=\"elementor-column elementor-col-50 elementor-top-column elementor-element elementor-element-1d5eacbc\" data-id=\"1d5eacbc\" data-element_type=\"column\">\n\t\t\t<div class=\"elementor-widget-wrap elementor-element-populated\">\n\t\t\t\t\t\t<div class=\"elementor-element elementor-element-5804e84b elementor-widget elementor-widget-text-editor\" data-id=\"5804e84b\" data-element_type=\"widget\" data-widget_type=\"text-editor.default\">\n\t\t\t\t<div class=\"elementor-widget-container\">\n\t\t\t\t\t\t\t\t\t<p>Quelques \u00e9l\u00e9ments cl\u00e9s d'une r\u00e9novation de cuisine :<\/p><ol><li>Armoires sur mesure : L'une des caract\u00e9ristiques les plus importantes d'une r\u00e9novation de cuisine est l'armoire sur mesure. Cela vous permet de maximiser l'espace de rangement et de cr\u00e9er un design qui correspond \u00e0 votre style et \u00e0 vos besoins.<\/li><li>Des comptoirs am\u00e9lior\u00e9s : La r\u00e9novation d'une cuisine passe souvent par l'am\u00e9lioration des plans de travail avec des mat\u00e9riaux tels que le granit ou le quartz, qui sont durables et faciles \u00e0 entretenir.<\/li><li>Dosserets : Un nouveau dosseret peut compl\u00e8tement transformer l'aspect de votre cuisine. Qu'il s'agisse de carreaux simples ou de motifs complexes, le choix est infini.<\/li><li>Lighting: Good lighting is essential in any kitchen, and a renovation is the perfect opportunity to upgrade your lighting fixtures to enhance functionality and create a warm and inviting atmosphere.<\/li><li>Flooring: New flooring can completely change the look and feel of your kitchen. Options range from hardwood to tile to laminate, and each comes with its own set of benefits.<\/li><li>Appareils \u00e9lectrom\u00e9nagers : La modernisation des appareils \u00e9lectrom\u00e9nagers est un \u00e9l\u00e9ment important de la r\u00e9novation d'une cuisine. Des r\u00e9frig\u00e9rateurs high-tech aux fours intelligents, les appareils modernes peuvent apporter commodit\u00e9 et fonctionnalit\u00e9 \u00e0 votre cuisine.<\/li><li>Modifications de l'agencement : La r\u00e9novation d'une cuisine peut \u00e9galement inclure des modifications de l'agencement afin d'am\u00e9liorer la fluidit\u00e9 et la fonctionnalit\u00e9. Il peut s'agir d'agrandir la cuisine, d'ajouter un \u00eelot ou de cr\u00e9er un espace plus ouvert.<\/li><\/ol><p>En r\u00e9sum\u00e9, la r\u00e9novation d'une cuisine est l'occasion de cr\u00e9er un espace \u00e0 la fois beau et fonctionnel. En incorporant des caract\u00e9ristiques et des am\u00e9liorations personnalis\u00e9es, vous pouvez cr\u00e9er une cuisine qui r\u00e9pond \u00e0 vos besoins uniques et am\u00e9liore votre style de vie.<\/p>\t\t\t\t\t\t\t\t<\/div>\n\t\t\t\t<\/div>\n\t\t\t\t\t<\/div>\n\t\t<\/div>\n\t\t\t\t\t<\/div>\n\t\t<\/section>\n\t\t\t\t<\/div>","protected":false},"excerpt":{"rendered":"<p>Notre service de r\u00e9novation de cuisine est d\u00e9di\u00e9 \u00e0 transformer votre cuisine en un espace beau et fonctionnel qui r\u00e9pond \u00e0 tous vos besoins. Nous comprenons que la cuisine est le c\u0153ur de la maison. <\/p>","protected":false},"author":1,"featured_media":1998,"parent":17,"menu_order":15,"comment_status":"closed","ping_status":"open","template":"","meta":{"footnotes":""},"class_list":["post-1997","page","type-page","status-publish","has-post-thumbnail","hentry"],"aioseo_notices":[],"_links":{"self":[{"href":"https:\/\/zaprorenovation.ca\/fr\/wp-json\/wp\/v2\/pages\/1997","targetHints":{"allow":["GET"]}}],"collection":[{"href":"https:\/\/zaprorenovation.ca\/fr\/wp-json\/wp\/v2\/pages"}],"about":[{"href":"https:\/\/zaprorenovation.ca\/fr\/wp-json\/wp\/v2\/types\/page"}],"author":[{"embeddable":true,"href":"https:\/\/zaprorenovation.ca\/fr\/wp-json\/wp\/v2\/users\/1"}],"replies":[{"embeddable":true,"href":"https:\/\/zaprorenovation.ca\/fr\/wp-json\/wp\/v2\/comments?post=1997"}],"version-history":[{"count":0,"href":"https:\/\/zaprorenovation.ca\/fr\/wp-json\/wp\/v2\/pages\/1997\/revisions"}],"up":[{"embeddable":true,"href":"https:\/\/zaprorenovation.ca\/fr\/wp-json\/wp\/v2\/pages\/17"}],"wp:featuredmedia":[{"embeddable":true,"href":"https:\/\/zaprorenovation.ca\/fr\/wp-json\/wp\/v2\/media\/1998"}],"wp:attachment":[{"href":"https:\/\/zaprorenovation.ca\/fr\/wp-json\/wp\/v2\/media?parent=1997"}],"curies":[{"name":"wp","href":"https:\/\/api.w.org\/{rel}","templated":true}]}}