{"id":1983,"date":"2023-02-26T03:43:29","date_gmt":"2023-02-26T03:43:29","guid":{"rendered":"https:\/\/zaprorenovation.ca\/?page_id=1983"},"modified":"2023-06-16T01:42:36","modified_gmt":"2023-06-16T01:42:36","slug":"ceramic-installation","status":"publish","type":"page","link":"https:\/\/zaprorenovation.ca\/fr\/our-services\/ceramic-installation\/","title":{"rendered":"Installation de c\u00e9ramique"},"content":{"rendered":"<div data-elementor-type=\"wp-page\" data-elementor-id=\"1983\" class=\"elementor elementor-1983\">\n\t\t\t\t\t\t<section class=\"elementor-section elementor-top-section elementor-element elementor-element-3ebed57 elementor-section-boxed elementor-section-height-default elementor-section-height-default\" data-id=\"3ebed57\" data-element_type=\"section\">\n\t\t\t\t\t\t<div class=\"elementor-container elementor-column-gap-no\">\n\t\t\t\t\t<div class=\"elementor-column elementor-col-100 elementor-top-column elementor-element elementor-element-1824989\" data-id=\"1824989\" data-element_type=\"column\">\n\t\t\t<div class=\"elementor-widget-wrap elementor-element-populated\">\n\t\t\t\t\t\t<div class=\"elementor-element elementor-element-3e6320af elementor-widget elementor-widget-image\" data-id=\"3e6320af\" data-element_type=\"widget\" data-widget_type=\"image.default\">\n\t\t\t\t<div class=\"elementor-widget-container\">\n\t\t\t\t\t\t\t\t\t\t\t\t\t\t\t<img fetchpriority=\"high\" decoding=\"async\" width=\"800\" height=\"533\" src=\"https:\/\/zaprorenovation.ca\/wp-content\/uploads\/2023\/02\/20230226071313_fpdl.ir_tiler-working-renovation-apartment_23-2149278631-1024x682.jpg\" class=\"attachment-large size-large wp-image-1984\" alt=\"\" srcset=\"https:\/\/zaprorenovation.ca\/wp-content\/uploads\/2023\/02\/20230226071313_fpdl.ir_tiler-working-renovation-apartment_23-2149278631-1024x682.jpg 1024w, https:\/\/zaprorenovation.ca\/wp-content\/uploads\/2023\/02\/20230226071313_fpdl.ir_tiler-working-renovation-apartment_23-2149278631-300x200.jpg 300w, https:\/\/zaprorenovation.ca\/wp-content\/uploads\/2023\/02\/20230226071313_fpdl.ir_tiler-working-renovation-apartment_23-2149278631-768x512.jpg 768w, https:\/\/zaprorenovation.ca\/wp-content\/uploads\/2023\/02\/20230226071313_fpdl.ir_tiler-working-renovation-apartment_23-2149278631-1536x1024.jpg 1536w, https:\/\/zaprorenovation.ca\/wp-content\/uploads\/2023\/02\/20230226071313_fpdl.ir_tiler-working-renovation-apartment_23-2149278631.jpg 2000w\" sizes=\"(max-width: 800px) 100vw, 800px\" \/>\t\t\t\t\t\t\t\t\t\t\t\t\t\t\t<\/div>\n\t\t\t\t<\/div>\n\t\t\t\t<div class=\"elementor-element elementor-element-3c98bb4c elementor-widget elementor-widget-image-gallery\" data-id=\"3c98bb4c\" data-element_type=\"widget\" data-widget_type=\"image-gallery.default\">\n\t\t\t\t<div class=\"elementor-widget-container\">\n\t\t\t\t\t\t\t<div class=\"elementor-image-gallery\">\n\t\t\t\t\t<\/div>\n\t\t\t\t\t\t<\/div>\n\t\t\t\t<\/div>\n\t\t\t\t\t<\/div>\n\t\t<\/div>\n\t\t\t\t\t<\/div>\n\t\t<\/section>\n\t\t\t\t<section class=\"elementor-section elementor-top-section elementor-element elementor-element-2bd4b09d elementor-section-boxed elementor-section-height-default elementor-section-height-default\" data-id=\"2bd4b09d\" data-element_type=\"section\">\n\t\t\t\t\t\t<div class=\"elementor-container elementor-column-gap-no\">\n\t\t\t\t\t<div class=\"elementor-column elementor-col-50 elementor-top-column elementor-element elementor-element-3ad37173\" data-id=\"3ad37173\" data-element_type=\"column\">\n\t\t\t<div class=\"elementor-widget-wrap elementor-element-populated\">\n\t\t\t\t\t\t<div class=\"elementor-element elementor-element-3a62e620 elementor-widget elementor-widget-text-editor\" data-id=\"3a62e620\" data-element_type=\"widget\" data-widget_type=\"text-editor.default\">\n\t\t\t\t<div class=\"elementor-widget-container\">\n\t\t\t\t\t\t\t\t\t<p>Notre service d'installation de carreaux de c\u00e9ramique a pour mission de vous fournir des carreaux de c\u00e9ramique beaux et durables pour votre maison. Nous comprenons l'importance d'avoir des carreaux de c\u00e9ramique correctement install\u00e9s pour am\u00e9liorer l'apparence de votre maison, ainsi que les avantages pratiques de la facilit\u00e9 d'entretien et de la long\u00e9vit\u00e9.<\/p><p>Notre \u00e9quipe d'installateurs de c\u00e9ramique exp\u00e9riment\u00e9s est \u00e9quip\u00e9e pour g\u00e9rer n'importe quel projet de c\u00e9ramique, qu'il s'agisse d'une nouvelle installation, d'une mise \u00e0 niveau ou d'une r\u00e9paration. Nous utilisons les outils et les techniques les plus r\u00e9cents pour nous assurer que vos carreaux de c\u00e9ramique sont install\u00e9s correctement, et nous pr\u00eatons attention \u00e0 chaque d\u00e9tail pour que le r\u00e9sultat final d\u00e9passe vos attentes.<\/p>\t\t\t\t\t\t\t\t<\/div>\n\t\t\t\t<\/div>\n\t\t\t\t\t<\/div>\n\t\t<\/div>\n\t\t\t\t<div class=\"elementor-column elementor-col-50 elementor-top-column elementor-element elementor-element-1d5eacbc\" data-id=\"1d5eacbc\" data-element_type=\"column\">\n\t\t\t<div class=\"elementor-widget-wrap elementor-element-populated\">\n\t\t\t\t\t\t<div class=\"elementor-element elementor-element-5804e84b elementor-widget elementor-widget-text-editor\" data-id=\"5804e84b\" data-element_type=\"widget\" data-widget_type=\"text-editor.default\">\n\t\t\t\t<div class=\"elementor-widget-container\">\n\t\t\t\t\t\t\t\t\t<p>Nous proposons une large gamme de services d'installation de c\u00e9ramique, notamment pour les rev\u00eatements de sol, les dosserets, les contours de douche et de baignoire, et bien d'autres choses encore. Notre \u00e9quipe travaillera avec vous pour d\u00e9terminer les meilleurs carreaux et motifs c\u00e9ramiques pour votre maison en fonction de vos pr\u00e9f\u00e9rences et du style g\u00e9n\u00e9ral de votre maison.<\/p><p>Notre service d'installation de c\u00e9ramiques s'engage \u00e0 fournir une qualit\u00e9 et un service \u00e0 la client\u00e8le exceptionnels \u00e0 chaque \u00e9tape du processus. Nous sommes fiers de notre travail et veillons \u00e0 ce que chaque installation de c\u00e9ramique soit r\u00e9alis\u00e9e selon les normes les plus strictes, en utilisant uniquement les meilleurs mat\u00e9riaux et techniques.<\/p><p>Faites-nous confiance pour vous fournir des carreaux de c\u00e9ramique beaux et durables pour votre maison. Contactez-nous d\u00e8s aujourd'hui pour en savoir plus sur nos services d'installation de c\u00e9ramique et pour prendre rendez-vous.<\/p>\t\t\t\t\t\t\t\t<\/div>\n\t\t\t\t<\/div>\n\t\t\t\t\t<\/div>\n\t\t<\/div>\n\t\t\t\t\t<\/div>\n\t\t<\/section>\n\t\t\t\t<\/div>","protected":false},"excerpt":{"rendered":"<p>Notre service d'installation de c\u00e9ramique est d\u00e9di\u00e9 \u00e0 vous fournir des carreaux en c\u00e9ramique beaux et durables pour votre maison. Nous comprenons l'importance d'une installation correcte des carreaux de c\u00e9ramique pour am\u00e9liorer l'apparence de votre int\u00e9rieur.<\/p>","protected":false},"author":1,"featured_media":1984,"parent":17,"menu_order":11,"comment_status":"closed","ping_status":"open","template":"","meta":{"footnotes":""},"class_list":["post-1983","page","type-page","status-publish","has-post-thumbnail","hentry"],"aioseo_notices":[],"_links":{"self":[{"href":"https:\/\/zaprorenovation.ca\/fr\/wp-json\/wp\/v2\/pages\/1983","targetHints":{"allow":["GET"]}}],"collection":[{"href":"https:\/\/zaprorenovation.ca\/fr\/wp-json\/wp\/v2\/pages"}],"about":[{"href":"https:\/\/zaprorenovation.ca\/fr\/wp-json\/wp\/v2\/types\/page"}],"author":[{"embeddable":true,"href":"https:\/\/zaprorenovation.ca\/fr\/wp-json\/wp\/v2\/users\/1"}],"replies":[{"embeddable":true,"href":"https:\/\/zaprorenovation.ca\/fr\/wp-json\/wp\/v2\/comments?post=1983"}],"version-history":[{"count":0,"href":"https:\/\/zaprorenovation.ca\/fr\/wp-json\/wp\/v2\/pages\/1983\/revisions"}],"up":[{"embeddable":true,"href":"https:\/\/zaprorenovation.ca\/fr\/wp-json\/wp\/v2\/pages\/17"}],"wp:featuredmedia":[{"embeddable":true,"href":"https:\/\/zaprorenovation.ca\/fr\/wp-json\/wp\/v2\/media\/1984"}],"wp:attachment":[{"href":"https:\/\/zaprorenovation.ca\/fr\/wp-json\/wp\/v2\/media?parent=1983"}],"curies":[{"name":"wp","href":"https:\/\/api.w.org\/{rel}","templated":true}]}}