{"id":1969,"date":"2023-02-26T03:36:38","date_gmt":"2023-02-26T03:36:38","guid":{"rendered":"https:\/\/zaprorenovation.ca\/?page_id=1969"},"modified":"2023-06-16T01:42:36","modified_gmt":"2023-06-16T01:42:36","slug":"house-painting","status":"publish","type":"page","link":"https:\/\/zaprorenovation.ca\/fr\/our-services\/house-painting\/","title":{"rendered":"Peinture"},"content":{"rendered":"<div data-elementor-type=\"wp-page\" data-elementor-id=\"1969\" class=\"elementor elementor-1969\">\n\t\t\t\t\t\t<section class=\"elementor-section elementor-top-section elementor-element elementor-element-3ebed57 elementor-section-boxed elementor-section-height-default elementor-section-height-default\" data-id=\"3ebed57\" data-element_type=\"section\">\n\t\t\t\t\t\t<div class=\"elementor-container elementor-column-gap-no\">\n\t\t\t\t\t<div class=\"elementor-column elementor-col-100 elementor-top-column elementor-element elementor-element-1824989\" data-id=\"1824989\" data-element_type=\"column\">\n\t\t\t<div class=\"elementor-widget-wrap elementor-element-populated\">\n\t\t\t\t\t\t<div class=\"elementor-element elementor-element-3e6320af elementor-widget elementor-widget-image\" data-id=\"3e6320af\" data-element_type=\"widget\" data-widget_type=\"image.default\">\n\t\t\t\t<div class=\"elementor-widget-container\">\n\t\t\t\t\t\t\t\t\t\t\t\t\t\t\t<img fetchpriority=\"high\" decoding=\"async\" width=\"800\" height=\"533\" src=\"https:\/\/zaprorenovation.ca\/wp-content\/uploads\/2023\/02\/20230226070542_fpdl.ir_close-up-hand-painting-wall-with-roller_176420-4760-1024x682.jpg\" class=\"attachment-large size-large wp-image-1970\" alt=\"\" srcset=\"https:\/\/zaprorenovation.ca\/wp-content\/uploads\/2023\/02\/20230226070542_fpdl.ir_close-up-hand-painting-wall-with-roller_176420-4760-1024x682.jpg 1024w, https:\/\/zaprorenovation.ca\/wp-content\/uploads\/2023\/02\/20230226070542_fpdl.ir_close-up-hand-painting-wall-with-roller_176420-4760-300x200.jpg 300w, https:\/\/zaprorenovation.ca\/wp-content\/uploads\/2023\/02\/20230226070542_fpdl.ir_close-up-hand-painting-wall-with-roller_176420-4760-768x512.jpg 768w, https:\/\/zaprorenovation.ca\/wp-content\/uploads\/2023\/02\/20230226070542_fpdl.ir_close-up-hand-painting-wall-with-roller_176420-4760-1536x1024.jpg 1536w, https:\/\/zaprorenovation.ca\/wp-content\/uploads\/2023\/02\/20230226070542_fpdl.ir_close-up-hand-painting-wall-with-roller_176420-4760.jpg 2000w\" sizes=\"(max-width: 800px) 100vw, 800px\" \/>\t\t\t\t\t\t\t\t\t\t\t\t\t\t\t<\/div>\n\t\t\t\t<\/div>\n\t\t\t\t<div class=\"elementor-element elementor-element-3c98bb4c elementor-widget elementor-widget-image-gallery\" data-id=\"3c98bb4c\" data-element_type=\"widget\" data-widget_type=\"image-gallery.default\">\n\t\t\t\t<div class=\"elementor-widget-container\">\n\t\t\t\t\t\t\t<div class=\"elementor-image-gallery\">\n\t\t\t\t\t<\/div>\n\t\t\t\t\t\t<\/div>\n\t\t\t\t<\/div>\n\t\t\t\t\t<\/div>\n\t\t<\/div>\n\t\t\t\t\t<\/div>\n\t\t<\/section>\n\t\t\t\t<section class=\"elementor-section elementor-top-section elementor-element elementor-element-2bd4b09d elementor-section-boxed elementor-section-height-default elementor-section-height-default\" data-id=\"2bd4b09d\" data-element_type=\"section\">\n\t\t\t\t\t\t<div class=\"elementor-container elementor-column-gap-no\">\n\t\t\t\t\t<div class=\"elementor-column elementor-col-50 elementor-top-column elementor-element elementor-element-3ad37173\" data-id=\"3ad37173\" data-element_type=\"column\">\n\t\t\t<div class=\"elementor-widget-wrap elementor-element-populated\">\n\t\t\t\t\t\t<div class=\"elementor-element elementor-element-3a62e620 elementor-widget elementor-widget-text-editor\" data-id=\"3a62e620\" data-element_type=\"widget\" data-widget_type=\"text-editor.default\">\n\t\t\t\t<div class=\"elementor-widget-container\">\n\t\t\t\t\t\t\t\t\t<p>Notre service de peinture de maison est con\u00e7u pour vous offrir un look frais et vibrant pour votre maison. Nous comprenons qu'un nouveau travail de peinture peut transformer compl\u00e8tement l'apparence de votre maison, et nous sommes fiers de fournir une qualit\u00e9 exceptionnelle et une attention particuli\u00e8re aux d\u00e9tails dans chaque travail de peinture que nous r\u00e9alisons.<\/p><p>Notre \u00e9quipe de peintres exp\u00e9riment\u00e9s n'utilise que de la peinture et des mat\u00e9riaux de la plus haute qualit\u00e9 pour garantir que votre maison conserve son meilleur aspect pendant des ann\u00e9es. Nous prenons le temps de pr\u00e9parer correctement votre maison pour la peinture, y compris le nettoyage et le pon\u00e7age des surfaces au besoin, afin de garantir une adh\u00e9rence optimale de la peinture et une durabilit\u00e9 maximale.<\/p>\t\t\t\t\t\t\t\t<\/div>\n\t\t\t\t<\/div>\n\t\t\t\t\t<\/div>\n\t\t<\/div>\n\t\t\t\t<div class=\"elementor-column elementor-col-50 elementor-top-column elementor-element elementor-element-1d5eacbc\" data-id=\"1d5eacbc\" data-element_type=\"column\">\n\t\t\t<div class=\"elementor-widget-wrap elementor-element-populated\">\n\t\t\t\t\t\t<div class=\"elementor-element elementor-element-5804e84b elementor-widget elementor-widget-text-editor\" data-id=\"5804e84b\" data-element_type=\"widget\" data-widget_type=\"text-editor.default\">\n\t\t\t\t<div class=\"elementor-widget-container\">\n\t\t\t\t\t\t\t\t\t<p>Nous proposons une large gamme de services de peinture, comprenant la peinture int\u00e9rieure et ext\u00e9rieure, la teinture du bois, et plus encore. Notre \u00e9quipe travaillera avec vous pour d\u00e9terminer les meilleures couleurs et finitions de peinture pour votre maison, en fonction de vos pr\u00e9f\u00e9rences et du style global de votre domicile.<\/p><p>\u00c0 notre service de peinture \u00e0 domicile, nous nous engageons \u00e0 offrir une qualit\u00e9 exceptionnelle et un service client \u00e0 chaque \u00e9tape. Nous sommes fiers de notre travail et nous nous assurons que chaque travail de peinture est r\u00e9alis\u00e9 selon les normes les plus \u00e9lev\u00e9es, en n'utilisant que les meilleurs mat\u00e9riaux et techniques.<\/p><p>Faites-nous confiance pour vous offrir un look nouveau et dynamique pour votre maison. Contactez-nous d\u00e8s aujourd'hui pour en savoir plus sur nos services de peinture pour maison et pour planifier une consultation.<\/p>\t\t\t\t\t\t\t\t<\/div>\n\t\t\t\t<\/div>\n\t\t\t\t\t<\/div>\n\t\t<\/div>\n\t\t\t\t\t<\/div>\n\t\t<\/section>\n\t\t\t\t<\/div>","protected":false},"excerpt":{"rendered":"<p>Notre service de peinture est con\u00e7u pour vous offrir un look frais et vibrant pour votre domicile. Nous comprenons qu'un nouveau travail de peinture peut transformer compl\u00e8tement l'apparence de votre maison. <\/p>","protected":false},"author":1,"featured_media":1970,"parent":17,"menu_order":10,"comment_status":"closed","ping_status":"open","template":"","meta":{"footnotes":""},"class_list":["post-1969","page","type-page","status-publish","has-post-thumbnail","hentry"],"aioseo_notices":[],"_links":{"self":[{"href":"https:\/\/zaprorenovation.ca\/fr\/wp-json\/wp\/v2\/pages\/1969","targetHints":{"allow":["GET"]}}],"collection":[{"href":"https:\/\/zaprorenovation.ca\/fr\/wp-json\/wp\/v2\/pages"}],"about":[{"href":"https:\/\/zaprorenovation.ca\/fr\/wp-json\/wp\/v2\/types\/page"}],"author":[{"embeddable":true,"href":"https:\/\/zaprorenovation.ca\/fr\/wp-json\/wp\/v2\/users\/1"}],"replies":[{"embeddable":true,"href":"https:\/\/zaprorenovation.ca\/fr\/wp-json\/wp\/v2\/comments?post=1969"}],"version-history":[{"count":0,"href":"https:\/\/zaprorenovation.ca\/fr\/wp-json\/wp\/v2\/pages\/1969\/revisions"}],"up":[{"embeddable":true,"href":"https:\/\/zaprorenovation.ca\/fr\/wp-json\/wp\/v2\/pages\/17"}],"wp:featuredmedia":[{"embeddable":true,"href":"https:\/\/zaprorenovation.ca\/fr\/wp-json\/wp\/v2\/media\/1970"}],"wp:attachment":[{"href":"https:\/\/zaprorenovation.ca\/fr\/wp-json\/wp\/v2\/media?parent=1969"}],"curies":[{"name":"wp","href":"https:\/\/api.w.org\/{rel}","templated":true}]}}