{"id":1928,"date":"2023-02-26T03:07:48","date_gmt":"2023-02-26T03:07:48","guid":{"rendered":"https:\/\/zaprorenovation.ca\/?page_id=1928"},"modified":"2023-06-16T01:42:36","modified_gmt":"2023-06-16T01:42:36","slug":"insulation","status":"publish","type":"page","link":"https:\/\/zaprorenovation.ca\/fr\/our-services\/insulation\/","title":{"rendered":"Isolation"},"content":{"rendered":"<div data-elementor-type=\"wp-page\" data-elementor-id=\"1928\" class=\"elementor elementor-1928\">\n\t\t\t\t\t\t<section class=\"elementor-section elementor-top-section elementor-element elementor-element-3ebed57 elementor-section-boxed elementor-section-height-default elementor-section-height-default\" data-id=\"3ebed57\" data-element_type=\"section\">\n\t\t\t\t\t\t<div class=\"elementor-container elementor-column-gap-no\">\n\t\t\t\t\t<div class=\"elementor-column elementor-col-100 elementor-top-column elementor-element elementor-element-1824989\" data-id=\"1824989\" data-element_type=\"column\">\n\t\t\t<div class=\"elementor-widget-wrap elementor-element-populated\">\n\t\t\t\t\t\t<div class=\"elementor-element elementor-element-3e6320af elementor-widget elementor-widget-image\" data-id=\"3e6320af\" data-element_type=\"widget\" data-widget_type=\"image.default\">\n\t\t\t\t<div class=\"elementor-widget-container\">\n\t\t\t\t\t\t\t\t\t\t\t\t\t\t\t<img fetchpriority=\"high\" decoding=\"async\" width=\"800\" height=\"533\" src=\"https:\/\/zaprorenovation.ca\/wp-content\/uploads\/2023\/02\/20230226063552_fpdl.ir_medium-shot-people-working-with-helmets_23-2149343697-1024x682.jpg\" class=\"attachment-large size-large wp-image-1929\" alt=\"\" srcset=\"https:\/\/zaprorenovation.ca\/wp-content\/uploads\/2023\/02\/20230226063552_fpdl.ir_medium-shot-people-working-with-helmets_23-2149343697-1024x682.jpg 1024w, https:\/\/zaprorenovation.ca\/wp-content\/uploads\/2023\/02\/20230226063552_fpdl.ir_medium-shot-people-working-with-helmets_23-2149343697-300x200.jpg 300w, https:\/\/zaprorenovation.ca\/wp-content\/uploads\/2023\/02\/20230226063552_fpdl.ir_medium-shot-people-working-with-helmets_23-2149343697-768x512.jpg 768w, https:\/\/zaprorenovation.ca\/wp-content\/uploads\/2023\/02\/20230226063552_fpdl.ir_medium-shot-people-working-with-helmets_23-2149343697-1536x1024.jpg 1536w, https:\/\/zaprorenovation.ca\/wp-content\/uploads\/2023\/02\/20230226063552_fpdl.ir_medium-shot-people-working-with-helmets_23-2149343697.jpg 2000w\" sizes=\"(max-width: 800px) 100vw, 800px\" \/>\t\t\t\t\t\t\t\t\t\t\t\t\t\t\t<\/div>\n\t\t\t\t<\/div>\n\t\t\t\t<div class=\"elementor-element elementor-element-3c98bb4c elementor-widget elementor-widget-image-gallery\" data-id=\"3c98bb4c\" data-element_type=\"widget\" data-widget_type=\"image-gallery.default\">\n\t\t\t\t<div class=\"elementor-widget-container\">\n\t\t\t\t\t\t\t<div class=\"elementor-image-gallery\">\n\t\t\t\t\t<\/div>\n\t\t\t\t\t\t<\/div>\n\t\t\t\t<\/div>\n\t\t\t\t\t<\/div>\n\t\t<\/div>\n\t\t\t\t\t<\/div>\n\t\t<\/section>\n\t\t\t\t<section class=\"elementor-section elementor-top-section elementor-element elementor-element-2bd4b09d elementor-section-boxed elementor-section-height-default elementor-section-height-default\" data-id=\"2bd4b09d\" data-element_type=\"section\">\n\t\t\t\t\t\t<div class=\"elementor-container elementor-column-gap-no\">\n\t\t\t\t\t<div class=\"elementor-column elementor-col-50 elementor-top-column elementor-element elementor-element-3ad37173\" data-id=\"3ad37173\" data-element_type=\"column\">\n\t\t\t<div class=\"elementor-widget-wrap elementor-element-populated\">\n\t\t\t\t\t\t<div class=\"elementor-element elementor-element-3a62e620 elementor-widget elementor-widget-text-editor\" data-id=\"3a62e620\" data-element_type=\"widget\" data-widget_type=\"text-editor.default\">\n\t\t\t\t<div class=\"elementor-widget-container\">\n\t\t\t\t\t\t\t\t\t<p>Notre service d'isolation de maison vous offre un foyer confortable et \u00e9conome en \u00e9nergie. Nous comprenons l'importance d'une isolation ad\u00e9quate pour maintenir votre maison chaude en hiver et fra\u00eeche en \u00e9t\u00e9, tout en r\u00e9duisant vos factures d'\u00e9nergie et votre empreinte carbone.<\/p><p>Notre \u00e9quipe d'experts exp\u00e9riment\u00e9s en isolation utilise les derni\u00e8res techniques et mat\u00e9riaux pour s'assurer que votre maison est correctement isol\u00e9e. Nous collaborons avec vous pour d\u00e9terminer la meilleure solution d'isolation pour votre maison, en tenant compte de votre budget, de vos objectifs \u00e9nerg\u00e9tiques et des besoins sp\u00e9cifiques de votre espace de vie.<\/p>\t\t\t\t\t\t\t\t<\/div>\n\t\t\t\t<\/div>\n\t\t\t\t\t<\/div>\n\t\t<\/div>\n\t\t\t\t<div class=\"elementor-column elementor-col-50 elementor-top-column elementor-element elementor-element-1d5eacbc\" data-id=\"1d5eacbc\" data-element_type=\"column\">\n\t\t\t<div class=\"elementor-widget-wrap elementor-element-populated\">\n\t\t\t\t\t\t<div class=\"elementor-element elementor-element-5804e84b elementor-widget elementor-widget-text-editor\" data-id=\"5804e84b\" data-element_type=\"widget\" data-widget_type=\"text-editor.default\">\n\t\t\t\t<div class=\"elementor-widget-container\">\n\t\t\t\t\t\t\t\t\t<p>Nous proposons une large gamme d'options d'isolation, y compris l'isolation par soufflage, l'isolation en mousse projet\u00e9e et l'isolation en panneaux, chacune ayant ses avantages et inconv\u00e9nients uniques. Notre \u00e9quipe travaillera avec vous pour d\u00e9terminer la meilleure option pour votre maison en fonction de facteurs tels que l'\u00e2ge de votre maison, le climat de votre r\u00e9gion et l'efficacit\u00e9 \u00e9nerg\u00e9tique globale de votre maison.<\/p><p>Avec notre service d'isolation de maison, nous nous engageons \u00e0 offrir une qualit\u00e9 exceptionnelle et un service client \u00e0 chaque \u00e9tape. Nous sommes fiers de notre travail et nous nous assurons que chaque projet d'isolation est r\u00e9alis\u00e9 selon les normes les plus \u00e9lev\u00e9es, en utilisant uniquement les meilleurs mat\u00e9riaux et techniques.<\/p><p>Faites-nous confiance pour vous fournir un foyer plus confortable et \u00e9conome en \u00e9nergie. Contactez-nous d\u00e8s aujourd'hui pour en savoir plus sur nos services d'isolation de maison et pour planifier une consultation.<\/p>\t\t\t\t\t\t\t\t<\/div>\n\t\t\t\t<\/div>\n\t\t\t\t\t<\/div>\n\t\t<\/div>\n\t\t\t\t\t<\/div>\n\t\t<\/section>\n\t\t\t\t<\/div>","protected":false},"excerpt":{"rendered":"<p>Notre service d'isolation de maison vous procure une habitation confortable et \u00e9co\u00e9nerg\u00e9tique. Nous comprenons l'importance d'une isolation ad\u00e9quate pour garder votre maison chaude en hiver et fra\u00eeche en \u00e9t\u00e9.<\/p>","protected":false},"author":1,"featured_media":1929,"parent":17,"menu_order":7,"comment_status":"closed","ping_status":"open","template":"","meta":{"footnotes":""},"class_list":["post-1928","page","type-page","status-publish","has-post-thumbnail","hentry"],"aioseo_notices":[],"_links":{"self":[{"href":"https:\/\/zaprorenovation.ca\/fr\/wp-json\/wp\/v2\/pages\/1928","targetHints":{"allow":["GET"]}}],"collection":[{"href":"https:\/\/zaprorenovation.ca\/fr\/wp-json\/wp\/v2\/pages"}],"about":[{"href":"https:\/\/zaprorenovation.ca\/fr\/wp-json\/wp\/v2\/types\/page"}],"author":[{"embeddable":true,"href":"https:\/\/zaprorenovation.ca\/fr\/wp-json\/wp\/v2\/users\/1"}],"replies":[{"embeddable":true,"href":"https:\/\/zaprorenovation.ca\/fr\/wp-json\/wp\/v2\/comments?post=1928"}],"version-history":[{"count":0,"href":"https:\/\/zaprorenovation.ca\/fr\/wp-json\/wp\/v2\/pages\/1928\/revisions"}],"up":[{"embeddable":true,"href":"https:\/\/zaprorenovation.ca\/fr\/wp-json\/wp\/v2\/pages\/17"}],"wp:featuredmedia":[{"embeddable":true,"href":"https:\/\/zaprorenovation.ca\/fr\/wp-json\/wp\/v2\/media\/1929"}],"wp:attachment":[{"href":"https:\/\/zaprorenovation.ca\/fr\/wp-json\/wp\/v2\/media?parent=1928"}],"curies":[{"name":"wp","href":"https:\/\/api.w.org\/{rel}","templated":true}]}}