{"id":1914,"date":"2023-02-26T02:16:41","date_gmt":"2023-02-26T02:16:41","guid":{"rendered":"https:\/\/zaprorenovation.ca\/?page_id=1914"},"modified":"2023-06-16T01:42:36","modified_gmt":"2023-06-16T01:42:36","slug":"framing","status":"publish","type":"page","link":"https:\/\/zaprorenovation.ca\/fr\/our-services\/framing\/","title":{"rendered":"Charpente de maison"},"content":{"rendered":"<div data-elementor-type=\"wp-page\" data-elementor-id=\"1914\" class=\"elementor elementor-1914\">\n\t\t\t\t\t\t<section class=\"elementor-section elementor-top-section elementor-element elementor-element-3ebed57 elementor-section-boxed elementor-section-height-default elementor-section-height-default\" data-id=\"3ebed57\" data-element_type=\"section\">\n\t\t\t\t\t\t<div class=\"elementor-container elementor-column-gap-no\">\n\t\t\t\t\t<div class=\"elementor-column elementor-col-100 elementor-top-column elementor-element elementor-element-1824989\" data-id=\"1824989\" data-element_type=\"column\">\n\t\t\t<div class=\"elementor-widget-wrap elementor-element-populated\">\n\t\t\t\t\t\t<div class=\"elementor-element elementor-element-3e6320af elementor-widget elementor-widget-image\" data-id=\"3e6320af\" data-element_type=\"widget\" data-widget_type=\"image.default\">\n\t\t\t\t<div class=\"elementor-widget-container\">\n\t\t\t\t\t\t\t\t\t\t\t\t\t\t\t<img fetchpriority=\"high\" decoding=\"async\" width=\"800\" height=\"533\" src=\"https:\/\/zaprorenovation.ca\/wp-content\/uploads\/2023\/02\/20230226061946_fpdl.ir_construction-home-framing-interior-view-house_73110-9715-1024x682.jpg\" class=\"attachment-large size-large wp-image-1916\" alt=\"\" srcset=\"https:\/\/zaprorenovation.ca\/wp-content\/uploads\/2023\/02\/20230226061946_fpdl.ir_construction-home-framing-interior-view-house_73110-9715-1024x682.jpg 1024w, https:\/\/zaprorenovation.ca\/wp-content\/uploads\/2023\/02\/20230226061946_fpdl.ir_construction-home-framing-interior-view-house_73110-9715-300x200.jpg 300w, https:\/\/zaprorenovation.ca\/wp-content\/uploads\/2023\/02\/20230226061946_fpdl.ir_construction-home-framing-interior-view-house_73110-9715-768x512.jpg 768w, https:\/\/zaprorenovation.ca\/wp-content\/uploads\/2023\/02\/20230226061946_fpdl.ir_construction-home-framing-interior-view-house_73110-9715-1536x1024.jpg 1536w, https:\/\/zaprorenovation.ca\/wp-content\/uploads\/2023\/02\/20230226061946_fpdl.ir_construction-home-framing-interior-view-house_73110-9715.jpg 2000w\" sizes=\"(max-width: 800px) 100vw, 800px\" \/>\t\t\t\t\t\t\t\t\t\t\t\t\t\t\t<\/div>\n\t\t\t\t<\/div>\n\t\t\t\t<div class=\"elementor-element elementor-element-3c98bb4c elementor-widget elementor-widget-image-gallery\" data-id=\"3c98bb4c\" data-element_type=\"widget\" data-widget_type=\"image-gallery.default\">\n\t\t\t\t<div class=\"elementor-widget-container\">\n\t\t\t\t\t\t\t<div class=\"elementor-image-gallery\">\n\t\t\t\t\t<\/div>\n\t\t\t\t\t\t<\/div>\n\t\t\t\t<\/div>\n\t\t\t\t\t<\/div>\n\t\t<\/div>\n\t\t\t\t\t<\/div>\n\t\t<\/section>\n\t\t\t\t<section class=\"elementor-section elementor-top-section elementor-element elementor-element-2bd4b09d elementor-section-boxed elementor-section-height-default elementor-section-height-default\" data-id=\"2bd4b09d\" data-element_type=\"section\">\n\t\t\t\t\t\t<div class=\"elementor-container elementor-column-gap-no\">\n\t\t\t\t\t<div class=\"elementor-column elementor-col-50 elementor-top-column elementor-element elementor-element-3ad37173\" data-id=\"3ad37173\" data-element_type=\"column\">\n\t\t\t<div class=\"elementor-widget-wrap elementor-element-populated\">\n\t\t\t\t\t\t<div class=\"elementor-element elementor-element-3a62e620 elementor-widget elementor-widget-text-editor\" data-id=\"3a62e620\" data-element_type=\"widget\" data-widget_type=\"text-editor.default\">\n\t\t\t\t<div class=\"elementor-widget-container\">\n\t\t\t\t\t\t\t\t\t<blockquote><p>Notre service de charpente est d\u00e9di\u00e9 \u00e0 am\u00e9liorer la beaut\u00e9 et la long\u00e9vit\u00e9 de vos souvenirs pr\u00e9cieux. Nous comprenons l'importance de pr\u00e9server vos objets de valeur et de les mettre en valeur de la meilleure mani\u00e8re possible. Notre \u00e9quipe de artisans et de designers qualifi\u00e9s travaille avec les meilleurs mat\u00e9riaux et technologies de pointe pour vous offrir des solutions de charpente personnalis\u00e9es et de haute qualit\u00e9, adapt\u00e9es \u00e0 vos besoins et pr\u00e9f\u00e9rences sp\u00e9cifiques.<\/p><\/blockquote>\t\t\t\t\t\t\t\t<\/div>\n\t\t\t\t<\/div>\n\t\t\t\t\t<\/div>\n\t\t<\/div>\n\t\t\t\t<div class=\"elementor-column elementor-col-50 elementor-top-column elementor-element elementor-element-1d5eacbc\" data-id=\"1d5eacbc\" data-element_type=\"column\">\n\t\t\t<div class=\"elementor-widget-wrap elementor-element-populated\">\n\t\t\t\t\t\t<div class=\"elementor-element elementor-element-5804e84b elementor-widget elementor-widget-text-editor\" data-id=\"5804e84b\" data-element_type=\"widget\" data-widget_type=\"text-editor.default\">\n\t\t\t\t<div class=\"elementor-widget-container\">\n\t\t\t\t\t\t\t\t\t<p>Notre service de charpente de maison est con\u00e7u pour vous fournir une fondation solide et robuste pour votre maison de r\u00eave. Nous comprenons que l'encadrement de votre maison est l'un des aspects les plus cruciaux du processus de construction, et il d\u00e9finit le d\u00e9but de l'ensemble du projet. C'est pourquoi nous sommes fiers de notre savoir-faire expert, de notre attention aux d\u00e9tails et de notre engagement \u00e0 utiliser des mat\u00e9riaux de la plus haute qualit\u00e9.<\/p><p>Notre \u00e9quipe exp\u00e9riment\u00e9e de charpentiers et de constructeurs professionnels poss\u00e8de l'expertise n\u00e9cessaire pour g\u00e9rer tout projet de charpente, que ce soit pour une nouvelle construction ou une r\u00e9novation. Nous utilisons les techniques et les outils les plus r\u00e9cents pour garantir que votre maison soit construite pour durer, en prenant en compte toutes les exigences structurelles n\u00e9cessaires pour assurer sa s\u00e9curit\u00e9, sa solidit\u00e9 et son efficacit\u00e9 \u00e9nerg\u00e9tique.<\/p><p>Dans notre service de charpente de maison, nous comprenons que chaque projet est unique, et nous travaillons en \u00e9troite collaboration avec vous pour concr\u00e9tiser votre vision. Nous proposons une large gamme d'options d'encadrement, incluant diff\u00e9rents mat\u00e9riaux, designs et finitions, pour r\u00e9pondre \u00e0 vos besoins et pr\u00e9f\u00e9rences sp\u00e9cifiques. Nous nous engageons \u00e0 offrir une qualit\u00e9 exceptionnelle et un service client \u00e0 chaque \u00e9tape, de la consultation initiale \u00e0 la visite finale.<\/p><p>Faites-nous confiance pour vous fournir une fondation solide et durable pour votre maison, afin que vous puissiez profiter d'un espace de vie confortable et s\u00fbr pendant de nombreuses ann\u00e9es. Contactez-nous d\u00e8s aujourd'hui pour en savoir plus sur nos services de charpente de maison et pour planifier une consultation.<\/p>\t\t\t\t\t\t\t\t<\/div>\n\t\t\t\t<\/div>\n\t\t\t\t\t<\/div>\n\t\t<\/div>\n\t\t\t\t\t<\/div>\n\t\t<\/section>\n\t\t\t\t<\/div>","protected":false},"excerpt":{"rendered":"<p>Notre service de cadrage est d\u00e9di\u00e9 \u00e0 l'am\u00e9lioration de la beaut\u00e9 et de la long\u00e9vit\u00e9 de vos souvenirs pr\u00e9cieux. Nous comprenons l'importance de pr\u00e9server vos souvenirs pr\u00e9cieux et de les mettre en valeur de la meilleure mani\u00e8re possible. <\/p>","protected":false},"author":1,"featured_media":1916,"parent":17,"menu_order":6,"comment_status":"closed","ping_status":"open","template":"","meta":{"footnotes":""},"class_list":["post-1914","page","type-page","status-publish","has-post-thumbnail","hentry"],"aioseo_notices":[],"_links":{"self":[{"href":"https:\/\/zaprorenovation.ca\/fr\/wp-json\/wp\/v2\/pages\/1914","targetHints":{"allow":["GET"]}}],"collection":[{"href":"https:\/\/zaprorenovation.ca\/fr\/wp-json\/wp\/v2\/pages"}],"about":[{"href":"https:\/\/zaprorenovation.ca\/fr\/wp-json\/wp\/v2\/types\/page"}],"author":[{"embeddable":true,"href":"https:\/\/zaprorenovation.ca\/fr\/wp-json\/wp\/v2\/users\/1"}],"replies":[{"embeddable":true,"href":"https:\/\/zaprorenovation.ca\/fr\/wp-json\/wp\/v2\/comments?post=1914"}],"version-history":[{"count":0,"href":"https:\/\/zaprorenovation.ca\/fr\/wp-json\/wp\/v2\/pages\/1914\/revisions"}],"up":[{"embeddable":true,"href":"https:\/\/zaprorenovation.ca\/fr\/wp-json\/wp\/v2\/pages\/17"}],"wp:featuredmedia":[{"embeddable":true,"href":"https:\/\/zaprorenovation.ca\/fr\/wp-json\/wp\/v2\/media\/1916"}],"wp:attachment":[{"href":"https:\/\/zaprorenovation.ca\/fr\/wp-json\/wp\/v2\/media?parent=1914"}],"curies":[{"name":"wp","href":"https:\/\/api.w.org\/{rel}","templated":true}]}}