{"id":17,"date":"2015-02-05T10:21:11","date_gmt":"2015-02-05T10:21:11","guid":{"rendered":"http:\/\/wpcharming.wpengine.com\/construction\/?page_id=17"},"modified":"2024-04-24T19:08:37","modified_gmt":"2024-04-24T19:08:37","slug":"our-services","status":"publish","type":"page","link":"https:\/\/zaprorenovation.ca\/fr\/our-services\/","title":{"rendered":"Nos services"},"content":{"rendered":"<div data-elementor-type=\"wp-page\" data-elementor-id=\"17\" class=\"elementor elementor-17\">\n\t\t\t\t\t\t<section class=\"elementor-section elementor-top-section elementor-element elementor-element-c27848f elementor-section-boxed elementor-section-height-default elementor-section-height-default\" data-id=\"c27848f\" data-element_type=\"section\">\n\t\t\t\t\t\t<div class=\"elementor-container elementor-column-gap-wide\">\n\t\t\t\t\t<div class=\"elementor-column elementor-col-100 elementor-top-column elementor-element elementor-element-4150c22\" data-id=\"4150c22\" data-element_type=\"column\">\n\t\t\t<div class=\"elementor-widget-wrap elementor-element-populated\">\n\t\t\t\t\t\t<div class=\"elementor-element elementor-element-d1027ca elementor-widget elementor-widget-wpc-page-children\" data-id=\"d1027ca\" data-element_type=\"widget\" data-widget_type=\"wpc-page-children.default\">\n\t\t\t\t<div class=\"elementor-widget-container\">\n\t\t\t\t\t\n\t\t\t<div class=\"child-page-wrapper\">\n\t\t<div class=\"grid-wrapper grid-3-columns grid-row\">\n\t\t\t<div class=\"grid-item grid-sm-6 grid-md-4\">\n\t\t\t\t<div class=\"grid-thumbnail\">\n\t\t\t\t\t<a href=\"https:\/\/zaprorenovation.ca\/fr\/our-services\/house-renovation\/\" title=\"R\u00e9novation de maison\"><img fetchpriority=\"high\" decoding=\"async\" width=\"600\" height=\"300\" src=\"https:\/\/zaprorenovation.ca\/wp-content\/uploads\/2023\/02\/20230226072914_fpdl.ir_electrician-installer-with-tool-his-hands-working-with-cable-construction-site_169016-5282-600x300.jpg\" class=\"attachment-medium-thumb size-medium-thumb wp-post-image\" alt=\"\" srcset=\"https:\/\/zaprorenovation.ca\/wp-content\/uploads\/2023\/02\/20230226072914_fpdl.ir_electrician-installer-with-tool-his-hands-working-with-cable-construction-site_169016-5282-600x300.jpg 600w, https:\/\/zaprorenovation.ca\/wp-content\/uploads\/2023\/02\/20230226072914_fpdl.ir_electrician-installer-with-tool-his-hands-working-with-cable-construction-site_169016-5282-400x200.jpg 400w, https:\/\/zaprorenovation.ca\/wp-content\/uploads\/2023\/02\/20230226072914_fpdl.ir_electrician-installer-with-tool-his-hands-working-with-cable-construction-site_169016-5282-800x400.jpg 800w\" sizes=\"(max-width: 600px) 100vw, 600px\" \/><\/a>\n\t\t\t\t<\/div>\n\t\t\t\t<h3 class=\"grid-title\"><a href=\"https:\/\/zaprorenovation.ca\/fr\/our-services\/house-renovation\/\" rel=\"bookmark\">R\u00e9novation de maison<\/a><\/h3>\n\n\t\t\t\t<p>R\u00e9nover votre maison n'a jamais \u00e9t\u00e9 aussi facile avec ZA Pro Renovation. Notre \u00e9quipe d'experts vous guidera \u00e0 travers chaque \u00e9tape du processus de r\u00e9novation, de la conceptualisation \u00e0 l'ach\u00e8vement.<\/p>\n\n\t\t\t\t<a class=\"grid-more\" href=\"https:\/\/zaprorenovation.ca\/fr\/our-services\/house-renovation\/\" title=\"R\u00e9novation de maison\">Voir les d\u00e9tails du service<\/a>\n\n\t\t\t<\/div>\n\t\t\t\n\t\t\t<div class=\"grid-item grid-sm-6 grid-md-4\">\n\t\t\t\t<div class=\"grid-thumbnail\">\n\t\t\t\t\t<a href=\"https:\/\/zaprorenovation.ca\/fr\/our-services\/hardwood-flooring\/\" title=\"Plancher en bois franc\"><img decoding=\"async\" width=\"600\" height=\"300\" src=\"https:\/\/zaprorenovation.ca\/wp-content\/uploads\/2015\/02\/laminate-floor-covering-600x300.jpg\" class=\"attachment-medium-thumb size-medium-thumb wp-post-image\" alt=\"\" srcset=\"https:\/\/zaprorenovation.ca\/wp-content\/uploads\/2015\/02\/laminate-floor-covering-600x300.jpg 600w, https:\/\/zaprorenovation.ca\/wp-content\/uploads\/2015\/02\/laminate-floor-covering-400x200.jpg 400w, https:\/\/zaprorenovation.ca\/wp-content\/uploads\/2015\/02\/laminate-floor-covering-800x400.jpg 800w\" sizes=\"(max-width: 600px) 100vw, 600px\" \/><\/a>\n\t\t\t\t<\/div>\n\t\t\t\t<h3 class=\"grid-title\"><a href=\"https:\/\/zaprorenovation.ca\/fr\/our-services\/hardwood-flooring\/\" rel=\"bookmark\">Plancher en bois franc<\/a><\/h3>\n\n\t\t\t\t<p>Transformez votre maison avec des planchers en bois franc magnifiques et durables. Nous offrons des services d'installation professionnels et une large s\u00e9lection d'options de bois franc massif et d'ing\u00e9nierie dans une vari\u00e9t\u00e9 de couleurs.<\/p>\n\n\t\t\t\t<a class=\"grid-more\" href=\"https:\/\/zaprorenovation.ca\/fr\/our-services\/hardwood-flooring\/\" title=\"Plancher en bois franc\">Voir les d\u00e9tails du service<\/a>\n\n\t\t\t<\/div>\n\t\t\t\n\t\t\t<div class=\"grid-item grid-sm-6 grid-md-4\">\n\t\t\t\t<div class=\"grid-thumbnail\">\n\t\t\t\t\t<a href=\"https:\/\/zaprorenovation.ca\/fr\/our-services\/interlock\/\" title=\"Interlock\"><img decoding=\"async\" width=\"600\" height=\"300\" src=\"https:\/\/zaprorenovation.ca\/wp-content\/uploads\/2023\/02\/WhatsApp-Image-2022-12-20-at-1.18.15-PM-2-600x300.jpeg\" class=\"attachment-medium-thumb size-medium-thumb wp-post-image\" alt=\"\" srcset=\"https:\/\/zaprorenovation.ca\/wp-content\/uploads\/2023\/02\/WhatsApp-Image-2022-12-20-at-1.18.15-PM-2-600x300.jpeg 600w, https:\/\/zaprorenovation.ca\/wp-content\/uploads\/2023\/02\/WhatsApp-Image-2022-12-20-at-1.18.15-PM-2-400x200.jpeg 400w, https:\/\/zaprorenovation.ca\/wp-content\/uploads\/2023\/02\/WhatsApp-Image-2022-12-20-at-1.18.15-PM-2-800x400.jpeg 800w\" sizes=\"(max-width: 600px) 100vw, 600px\" \/><\/a>\n\t\t\t\t<\/div>\n\t\t\t\t<h3 class=\"grid-title\"><a href=\"https:\/\/zaprorenovation.ca\/fr\/our-services\/interlock\/\" rel=\"bookmark\">Interlock<\/a><\/h3>\n\n\t\t\t\t<p>Cr\u00e9er un espace de vie ext\u00e9rieur \u00e9poustouflant avec des pav\u00e9s interlock beaux et fonctionnels de ZA Pro Renovation. Notre \u00e9quipe d'experts offre des services d'installation de haute qualit\u00e9 pour les patios, all\u00e9es, sentiers, et plus encore.<\/p>\n\n\t\t\t\t<a class=\"grid-more\" href=\"https:\/\/zaprorenovation.ca\/fr\/our-services\/interlock\/\" title=\"Interlock\">Voir les d\u00e9tails du service<\/a>\n\n\t\t\t<\/div>\n\t\t\t\n\t\t\t\t<div class=\"clear\"><\/div>\n\t\t\t<div class=\"grid-item grid-sm-6 grid-md-4\">\n\t\t\t\t<div class=\"grid-thumbnail\">\n\t\t\t\t\t<a href=\"https:\/\/zaprorenovation.ca\/fr\/our-services\/interior-drywall-design\/\" title=\"Design int\u00e9rieur en cloison s\u00e8che\"><img loading=\"lazy\" decoding=\"async\" width=\"600\" height=\"300\" src=\"https:\/\/zaprorenovation.ca\/wp-content\/uploads\/2023\/02\/WhatsApp-Image-2022-12-20-at-1.06.54-PM-3-600x300.jpeg\" class=\"attachment-medium-thumb size-medium-thumb wp-post-image\" alt=\"\" srcset=\"https:\/\/zaprorenovation.ca\/wp-content\/uploads\/2023\/02\/WhatsApp-Image-2022-12-20-at-1.06.54-PM-3-600x300.jpeg 600w, https:\/\/zaprorenovation.ca\/wp-content\/uploads\/2023\/02\/WhatsApp-Image-2022-12-20-at-1.06.54-PM-3-400x200.jpeg 400w, https:\/\/zaprorenovation.ca\/wp-content\/uploads\/2023\/02\/WhatsApp-Image-2022-12-20-at-1.06.54-PM-3-800x400.jpeg 800w\" sizes=\"(max-width: 600px) 100vw, 600px\" \/><\/a>\n\t\t\t\t<\/div>\n\t\t\t\t<h3 class=\"grid-title\"><a href=\"https:\/\/zaprorenovation.ca\/fr\/our-services\/interior-drywall-design\/\" rel=\"bookmark\">Design int\u00e9rieur en cloison s\u00e8che<\/a><\/h3>\n\n\t\t\t\t<p>Transformez l'apparence et l'atmosph\u00e8re de votre maison avec un design int\u00e9rieur en cloison s\u00e8che personnalis\u00e9 de ZA Pro Renovation. Notre \u00e9quipe qualifi\u00e9e de designers et d'artisans se sp\u00e9cialise dans la cr\u00e9ation d'espaces int\u00e9rieurs uniques, fonctionnels et beaux.<\/p>\n\n\t\t\t\t<a class=\"grid-more\" href=\"https:\/\/zaprorenovation.ca\/fr\/our-services\/interior-drywall-design\/\" title=\"Design int\u00e9rieur en cloison s\u00e8che\">Voir les d\u00e9tails du service<\/a>\n\n\t\t\t<\/div>\n\t\t\t\n\t\t\t<div class=\"grid-item grid-sm-6 grid-md-4\">\n\t\t\t\t<div class=\"grid-thumbnail\">\n\t\t\t\t\t<a href=\"https:\/\/zaprorenovation.ca\/fr\/our-services\/shower\/\" title=\"Douche\"><img loading=\"lazy\" decoding=\"async\" width=\"600\" height=\"300\" src=\"https:\/\/zaprorenovation.ca\/wp-content\/uploads\/2023\/02\/WhatsApp-Image-2022-12-20-at-1.20.10-PM-600x300.jpeg\" class=\"attachment-medium-thumb size-medium-thumb wp-post-image\" alt=\"\" srcset=\"https:\/\/zaprorenovation.ca\/wp-content\/uploads\/2023\/02\/WhatsApp-Image-2022-12-20-at-1.20.10-PM-600x300.jpeg 600w, https:\/\/zaprorenovation.ca\/wp-content\/uploads\/2023\/02\/WhatsApp-Image-2022-12-20-at-1.20.10-PM-400x200.jpeg 400w, https:\/\/zaprorenovation.ca\/wp-content\/uploads\/2023\/02\/WhatsApp-Image-2022-12-20-at-1.20.10-PM-800x400.jpeg 800w\" sizes=\"(max-width: 600px) 100vw, 600px\" \/><\/a>\n\t\t\t\t<\/div>\n\t\t\t\t<h3 class=\"grid-title\"><a href=\"https:\/\/zaprorenovation.ca\/fr\/our-services\/shower\/\" rel=\"bookmark\">Douche<\/a><\/h3>\n\n\t\t\t\t<p>Vivez le luxe et la d\u00e9tente chez vous avec un design de douche personnalis\u00e9 de ZA Pro Renovation. Notre \u00e9quipe d'experts designers et artisans se sp\u00e9cialise dans la cr\u00e9ation de douches belles et fonctionnelles.<\/p>\n\n\t\t\t\t<a class=\"grid-more\" href=\"https:\/\/zaprorenovation.ca\/fr\/our-services\/shower\/\" title=\"Douche\">Voir les d\u00e9tails du service<\/a>\n\n\t\t\t<\/div>\n\t\t\t\n\t\t\t<div class=\"grid-item grid-sm-6 grid-md-4\">\n\t\t\t\t<div class=\"grid-thumbnail\">\n\t\t\t\t\t<a href=\"https:\/\/zaprorenovation.ca\/fr\/our-services\/framing\/\" title=\"Charpente de maison\"><img loading=\"lazy\" decoding=\"async\" width=\"600\" height=\"300\" src=\"https:\/\/zaprorenovation.ca\/wp-content\/uploads\/2023\/02\/20230226061946_fpdl.ir_construction-home-framing-interior-view-house_73110-9715-600x300.jpg\" class=\"attachment-medium-thumb size-medium-thumb wp-post-image\" alt=\"\" srcset=\"https:\/\/zaprorenovation.ca\/wp-content\/uploads\/2023\/02\/20230226061946_fpdl.ir_construction-home-framing-interior-view-house_73110-9715-600x300.jpg 600w, https:\/\/zaprorenovation.ca\/wp-content\/uploads\/2023\/02\/20230226061946_fpdl.ir_construction-home-framing-interior-view-house_73110-9715-400x200.jpg 400w, https:\/\/zaprorenovation.ca\/wp-content\/uploads\/2023\/02\/20230226061946_fpdl.ir_construction-home-framing-interior-view-house_73110-9715-800x400.jpg 800w\" sizes=\"(max-width: 600px) 100vw, 600px\" \/><\/a>\n\t\t\t\t<\/div>\n\t\t\t\t<h3 class=\"grid-title\"><a href=\"https:\/\/zaprorenovation.ca\/fr\/our-services\/framing\/\" rel=\"bookmark\">Charpente de maison<\/a><\/h3>\n\n\t\t\t\t<p>Notre service de cadrage est d\u00e9di\u00e9 \u00e0 l'am\u00e9lioration de la beaut\u00e9 et de la long\u00e9vit\u00e9 de vos souvenirs pr\u00e9cieux. Nous comprenons l'importance de pr\u00e9server vos souvenirs pr\u00e9cieux et de les mettre en valeur de la meilleure mani\u00e8re possible. <\/p>\n\n\t\t\t\t<a class=\"grid-more\" href=\"https:\/\/zaprorenovation.ca\/fr\/our-services\/framing\/\" title=\"Charpente de maison\">Voir les d\u00e9tails du service<\/a>\n\n\t\t\t<\/div>\n\t\t\t\n\t\t\t\t<div class=\"clear\"><\/div>\n\t\t\t<div class=\"grid-item grid-sm-6 grid-md-4\">\n\t\t\t\t<div class=\"grid-thumbnail\">\n\t\t\t\t\t<a href=\"https:\/\/zaprorenovation.ca\/fr\/our-services\/insulation\/\" title=\"Isolation\"><img loading=\"lazy\" decoding=\"async\" width=\"600\" height=\"300\" src=\"https:\/\/zaprorenovation.ca\/wp-content\/uploads\/2023\/02\/20230226063552_fpdl.ir_medium-shot-people-working-with-helmets_23-2149343697-600x300.jpg\" class=\"attachment-medium-thumb size-medium-thumb wp-post-image\" alt=\"\" srcset=\"https:\/\/zaprorenovation.ca\/wp-content\/uploads\/2023\/02\/20230226063552_fpdl.ir_medium-shot-people-working-with-helmets_23-2149343697-600x300.jpg 600w, https:\/\/zaprorenovation.ca\/wp-content\/uploads\/2023\/02\/20230226063552_fpdl.ir_medium-shot-people-working-with-helmets_23-2149343697-400x200.jpg 400w, https:\/\/zaprorenovation.ca\/wp-content\/uploads\/2023\/02\/20230226063552_fpdl.ir_medium-shot-people-working-with-helmets_23-2149343697-800x400.jpg 800w\" sizes=\"(max-width: 600px) 100vw, 600px\" \/><\/a>\n\t\t\t\t<\/div>\n\t\t\t\t<h3 class=\"grid-title\"><a href=\"https:\/\/zaprorenovation.ca\/fr\/our-services\/insulation\/\" rel=\"bookmark\">Isolation<\/a><\/h3>\n\n\t\t\t\t<p>Notre service d'isolation de maison vous procure une habitation confortable et \u00e9co\u00e9nerg\u00e9tique. Nous comprenons l'importance d'une isolation ad\u00e9quate pour garder votre maison chaude en hiver et fra\u00eeche en \u00e9t\u00e9.<\/p>\n\n\t\t\t\t<a class=\"grid-more\" href=\"https:\/\/zaprorenovation.ca\/fr\/our-services\/insulation\/\" title=\"Isolation\">Voir les d\u00e9tails du service<\/a>\n\n\t\t\t<\/div>\n\t\t\t\n\t\t\t<div class=\"grid-item grid-sm-6 grid-md-4\">\n\t\t\t\t<div class=\"grid-thumbnail\">\n\t\t\t\t\t<a href=\"https:\/\/zaprorenovation.ca\/fr\/our-services\/house-painting\/\" title=\"Peinture\"><img loading=\"lazy\" decoding=\"async\" width=\"600\" height=\"300\" src=\"https:\/\/zaprorenovation.ca\/wp-content\/uploads\/2023\/02\/20230226070542_fpdl.ir_close-up-hand-painting-wall-with-roller_176420-4760-600x300.jpg\" class=\"attachment-medium-thumb size-medium-thumb wp-post-image\" alt=\"\" srcset=\"https:\/\/zaprorenovation.ca\/wp-content\/uploads\/2023\/02\/20230226070542_fpdl.ir_close-up-hand-painting-wall-with-roller_176420-4760-600x300.jpg 600w, https:\/\/zaprorenovation.ca\/wp-content\/uploads\/2023\/02\/20230226070542_fpdl.ir_close-up-hand-painting-wall-with-roller_176420-4760-400x200.jpg 400w, https:\/\/zaprorenovation.ca\/wp-content\/uploads\/2023\/02\/20230226070542_fpdl.ir_close-up-hand-painting-wall-with-roller_176420-4760-800x400.jpg 800w\" sizes=\"(max-width: 600px) 100vw, 600px\" \/><\/a>\n\t\t\t\t<\/div>\n\t\t\t\t<h3 class=\"grid-title\"><a href=\"https:\/\/zaprorenovation.ca\/fr\/our-services\/house-painting\/\" rel=\"bookmark\">Peinture<\/a><\/h3>\n\n\t\t\t\t<p>Notre service de peinture est con\u00e7u pour vous offrir un look frais et vibrant pour votre domicile. Nous comprenons qu'un nouveau travail de peinture peut transformer compl\u00e8tement l'apparence de votre maison. <\/p>\n\n\t\t\t\t<a class=\"grid-more\" href=\"https:\/\/zaprorenovation.ca\/fr\/our-services\/house-painting\/\" title=\"Peinture\">Voir les d\u00e9tails du service<\/a>\n\n\t\t\t<\/div>\n\t\t\t\n\t\t\t<div class=\"grid-item grid-sm-6 grid-md-4\">\n\t\t\t\t<div class=\"grid-thumbnail\">\n\t\t\t\t\t<a href=\"https:\/\/zaprorenovation.ca\/fr\/our-services\/ceramic-installation\/\" title=\"Installation de c\u00e9ramique\"><img loading=\"lazy\" decoding=\"async\" width=\"600\" height=\"300\" src=\"https:\/\/zaprorenovation.ca\/wp-content\/uploads\/2023\/02\/20230226071313_fpdl.ir_tiler-working-renovation-apartment_23-2149278631-600x300.jpg\" class=\"attachment-medium-thumb size-medium-thumb wp-post-image\" alt=\"\" srcset=\"https:\/\/zaprorenovation.ca\/wp-content\/uploads\/2023\/02\/20230226071313_fpdl.ir_tiler-working-renovation-apartment_23-2149278631-600x300.jpg 600w, https:\/\/zaprorenovation.ca\/wp-content\/uploads\/2023\/02\/20230226071313_fpdl.ir_tiler-working-renovation-apartment_23-2149278631-400x200.jpg 400w, https:\/\/zaprorenovation.ca\/wp-content\/uploads\/2023\/02\/20230226071313_fpdl.ir_tiler-working-renovation-apartment_23-2149278631-800x400.jpg 800w\" sizes=\"(max-width: 600px) 100vw, 600px\" \/><\/a>\n\t\t\t\t<\/div>\n\t\t\t\t<h3 class=\"grid-title\"><a href=\"https:\/\/zaprorenovation.ca\/fr\/our-services\/ceramic-installation\/\" rel=\"bookmark\">Installation de c\u00e9ramique<\/a><\/h3>\n\n\t\t\t\t<p>Notre service d'installation de c\u00e9ramique est d\u00e9di\u00e9 \u00e0 vous fournir des carreaux en c\u00e9ramique beaux et durables pour votre maison. Nous comprenons l'importance d'une installation correcte des carreaux de c\u00e9ramique pour am\u00e9liorer l'apparence de votre int\u00e9rieur.<\/p>\n\n\t\t\t\t<a class=\"grid-more\" href=\"https:\/\/zaprorenovation.ca\/fr\/our-services\/ceramic-installation\/\" title=\"Installation de c\u00e9ramique\">Voir les d\u00e9tails du service<\/a>\n\n\t\t\t<\/div>\n\t\t\t\n\t\t\t\t<div class=\"clear\"><\/div>\n\t\t\t<div class=\"grid-item grid-sm-6 grid-md-4\">\n\t\t\t\t<div class=\"grid-thumbnail\">\n\t\t\t\t\t<a href=\"https:\/\/zaprorenovation.ca\/fr\/our-services\/kitchen-renovation\/\" title=\"R\u00e9novation de cuisine\"><img loading=\"lazy\" decoding=\"async\" width=\"600\" height=\"300\" src=\"https:\/\/zaprorenovation.ca\/wp-content\/uploads\/2023\/02\/20230226072135_fpdl.ir_modern-kitchen-interior-white-colors_181624-58451-600x300.jpg\" class=\"attachment-medium-thumb size-medium-thumb wp-post-image\" alt=\"\" srcset=\"https:\/\/zaprorenovation.ca\/wp-content\/uploads\/2023\/02\/20230226072135_fpdl.ir_modern-kitchen-interior-white-colors_181624-58451-600x300.jpg 600w, https:\/\/zaprorenovation.ca\/wp-content\/uploads\/2023\/02\/20230226072135_fpdl.ir_modern-kitchen-interior-white-colors_181624-58451-400x200.jpg 400w, https:\/\/zaprorenovation.ca\/wp-content\/uploads\/2023\/02\/20230226072135_fpdl.ir_modern-kitchen-interior-white-colors_181624-58451-800x400.jpg 800w\" sizes=\"(max-width: 600px) 100vw, 600px\" \/><\/a>\n\t\t\t\t<\/div>\n\t\t\t\t<h3 class=\"grid-title\"><a href=\"https:\/\/zaprorenovation.ca\/fr\/our-services\/kitchen-renovation\/\" rel=\"bookmark\">R\u00e9novation de cuisine<\/a><\/h3>\n\n\t\t\t\t<p>Notre service de r\u00e9novation de cuisine est d\u00e9di\u00e9 \u00e0 transformer votre cuisine en un espace beau et fonctionnel qui r\u00e9pond \u00e0 tous vos besoins. Nous comprenons que la cuisine est le c\u0153ur de la maison. <\/p>\n\n\t\t\t\t<a class=\"grid-more\" href=\"https:\/\/zaprorenovation.ca\/fr\/our-services\/kitchen-renovation\/\" title=\"R\u00e9novation de cuisine\">Voir les d\u00e9tails du service<\/a>\n\n\t\t\t<\/div>\n\t\t\t\n\t\t<\/div>\n\t\t\t<\/div>\t\t\t\t<\/div>\n\t\t\t\t<\/div>\n\t\t\t\t\t<\/div>\n\t\t<\/div>\n\t\t\t\t\t<\/div>\n\t\t<\/section>\n\t\t\t\t<\/div>","protected":false},"excerpt":{"rendered":"<p>House Renovation Revamping your home has never been easier with ZA Pro Renovation. Our team of experts will guide you through &#8230;<\/p>","protected":false},"author":1,"featured_media":0,"parent":0,"menu_order":0,"comment_status":"open","ping_status":"open","template":"","meta":{"footnotes":""},"class_list":["post-17","page","type-page","status-publish","hentry"],"aioseo_notices":[],"_links":{"self":[{"href":"https:\/\/zaprorenovation.ca\/fr\/wp-json\/wp\/v2\/pages\/17","targetHints":{"allow":["GET"]}}],"collection":[{"href":"https:\/\/zaprorenovation.ca\/fr\/wp-json\/wp\/v2\/pages"}],"about":[{"href":"https:\/\/zaprorenovation.ca\/fr\/wp-json\/wp\/v2\/types\/page"}],"author":[{"embeddable":true,"href":"https:\/\/zaprorenovation.ca\/fr\/wp-json\/wp\/v2\/users\/1"}],"replies":[{"embeddable":true,"href":"https:\/\/zaprorenovation.ca\/fr\/wp-json\/wp\/v2\/comments?post=17"}],"version-history":[{"count":0,"href":"https:\/\/zaprorenovation.ca\/fr\/wp-json\/wp\/v2\/pages\/17\/revisions"}],"wp:attachment":[{"href":"https:\/\/zaprorenovation.ca\/fr\/wp-json\/wp\/v2\/media?parent=17"}],"curies":[{"name":"wp","href":"https:\/\/api.w.org\/{rel}","templated":true}]}}